{"id":884,"date":"2023-04-25T13:32:56","date_gmt":"2023-04-25T11:32:56","guid":{"rendered":"http:\/\/www.autisti.sk\/lienka\/?page_id=884"},"modified":"2023-04-25T13:34:09","modified_gmt":"2023-04-25T11:34:09","slug":"informacie-lienka","status":"publish","type":"page","link":"http:\/\/www.autisti.sk\/lienka\/informacie-lienka\/","title":{"rendered":"Inform\u00e1cie Lienka"},"content":{"rendered":"\n<div class=\"wp-container-1 is-content-justification-left wp-block-buttons\">\n<div class=\"wp-block-button has-custom-width wp-block-button__width-100 is-style-outline\"><a class=\"wp-block-button__link has-pale-cyan-blue-background-color has-background\" href=\"http:\/\/www.autisti.sk\/lienka\/vyrocne-spravy-a-uctovne-zavierky\/\" style=\"border-radius:2px\">V\u00fdro\u010dn\u00e9 spr\u00e1vy a \u00fa\u010dtovn\u00e9 z\u00e1vierky<\/a><\/div>\n<\/div>\n\n\n\n<div style=\"height:40px\" aria-hidden=\"true\" class=\"wp-block-spacer\"><\/div>\n\n\n\n<div class=\"wp-container-2 wp-block-buttons\">\n<div class=\"wp-block-button has-custom-width wp-block-button__width-100 is-style-outline\"><a class=\"wp-block-button__link has-pale-cyan-blue-background-color has-background\" href=\"http:\/\/www.autisti.sk\/lienka\/prijimanie-darov\/\" style=\"border-radius:2px\">Prij\u00edmanie darov<\/a><\/div>\n<\/div>\n\n\n\n<div style=\"height:40px\" aria-hidden=\"true\" class=\"wp-block-spacer\"><\/div>\n\n\n\n<div class=\"wp-container-3 wp-block-buttons\">\n<div class=\"wp-block-button has-custom-width wp-block-button__width-100 is-style-outline\"><a class=\"wp-block-button__link has-pale-cyan-blue-background-color has-background\" href=\"http:\/\/www.autisti.sk\/lienka\/priemerne-uhrady-klientov\/\" style=\"border-radius:2px\">Priemern\u00e9 \u00fahrady klientov<\/a><\/div>\n<\/div>\n\n\n\n<div style=\"height:40px\" aria-hidden=\"true\" class=\"wp-block-spacer\"><\/div>\n\n\n\n<div class=\"wp-container-4 wp-block-buttons\">\n<div class=\"wp-block-button has-custom-width wp-block-button__width-100 is-style-outline\"><a class=\"wp-block-button__link has-pale-cyan-blue-background-color has-background\" href=\"http:\/\/www.autisti.sk\/lienka\/zmluvy-lienka-klient\/\" style=\"border-radius:2px\">Zmluvy LIENKA &#8211; klient<\/a><\/div>\n<\/div>\n\n\n\n<div style=\"height:40px\" aria-hidden=\"true\" class=\"wp-block-spacer\"><\/div>\n\n\n\n<div class=\"wp-container-5 wp-block-buttons\">\n<div class=\"wp-block-button has-custom-width wp-block-button__width-100 is-style-outline\"><a class=\"wp-block-button__link has-pale-cyan-blue-background-color has-background\" href=\"http:\/\/www.autisti.sk\/lienka\/poradovnik-ziadatelov-o-socialnu-sluzbu\/\" style=\"border-radius:2px\">Poradovn\u00edk \u017eiadate\u013eov o soci\u00e1lnu slu\u017ebu<\/a><\/div>\n<\/div>\n\n\n\n<div style=\"height:40px\" aria-hidden=\"true\" class=\"wp-block-spacer\"><\/div>\n\n\n\n<div class=\"wp-container-6 wp-block-buttons\">\n<div class=\"wp-block-button has-custom-width wp-block-button__width-100 is-style-outline\"><a class=\"wp-block-button__link has-pale-cyan-blue-background-color has-background\" href=\"http:\/\/www.autisti.sk\/lienka\/poskytnutie-mimoriadnej-financnej-podpory-za-obdobie-druhej-vlny-pandemie\/\" style=\"border-radius:2px\">Poskytnutie mimoriadnej finan\u010dnej podpory za obdobie druhej vlny pand\u00e9mie<\/a><\/div>\n<\/div>\n\n\n\n<div style=\"height:40px\" aria-hidden=\"true\" class=\"wp-block-spacer\"><\/div>\n\n\n\n<div class=\"wp-container-7 wp-block-buttons\">\n<div class=\"wp-block-button is-style-outline\"><a class=\"wp-block-button__link has-pale-cyan-blue-background-color has-background\" href=\"http:\/\/www.autisti.sk\/lienka\/narodny-projekt-podpora-socialneho-zaclenovania-pre-vybrane-skupiny-osob-so-zdravotnym-postihnutim\/\" style=\"border-radius:2px\">N\u00e1rodn\u00fd projekt podpora soci\u00e1lneho za\u010dle\u0148ovania pre vybran\u00e9 skupiny os\u00f4b so zdravotn\u00fdm postihnut\u00fdm<\/a><\/div>\n<\/div>\n\n\n\n<div style=\"height:40px\" aria-hidden=\"true\" class=\"wp-block-spacer\"><\/div>\n\n\n\n<div class=\"wp-container-8 wp-block-buttons\">\n<div class=\"wp-block-button has-custom-width wp-block-button__width-100 is-style-outline\"><a class=\"wp-block-button__link has-pale-cyan-blue-background-color has-background\" href=\"http:\/\/www.autisti.sk\/lienka\/projekt-profesia-lab\/\" style=\"border-radius:2px\">Projekt Profesia Lab<\/a><\/div>\n<\/div>\n\n\n\n<div style=\"height:40px\" aria-hidden=\"true\" class=\"wp-block-spacer\"><\/div>\n\n\n\n<div class=\"wp-container-9 wp-block-buttons\">\n<div class=\"wp-block-button has-custom-width wp-block-button__width-100 is-style-outline\"><a class=\"wp-block-button__link has-pale-cyan-blue-background-color has-background\" href=\"http:\/\/www.autisti.sk\/lienka\/koncepcia-rozvoja-socialnych-sluzieb\/\" style=\"border-radius:2px\">Koncepcia rozvoja soci\u00e1lnych slu\u017eieb<\/a><\/div>\n<\/div>\n","protected":false},"excerpt":{"rendered":"","protected":false},"author":3,"featured_media":0,"parent":0,"menu_order":0,"comment_status":"closed","ping_status":"closed","template":"","meta":{"ngg_post_thumbnail":0},"_links":{"self":[{"href":"http:\/\/www.autisti.sk\/lienka\/wp-json\/wp\/v2\/pages\/884"}],"collection":[{"href":"http:\/\/www.autisti.sk\/lienka\/wp-json\/wp\/v2\/pages"}],"about":[{"href":"http:\/\/www.autisti.sk\/lienka\/wp-json\/wp\/v2\/types\/page"}],"author":[{"embeddable":true,"href":"http:\/\/www.autisti.sk\/lienka\/wp-json\/wp\/v2\/users\/3"}],"replies":[{"embeddable":true,"href":"http:\/\/www.autisti.sk\/lienka\/wp-json\/wp\/v2\/comments?post=884"}],"version-history":[{"count":2,"href":"http:\/\/www.autisti.sk\/lienka\/wp-json\/wp\/v2\/pages\/884\/revisions"}],"predecessor-version":[{"id":886,"href":"http:\/\/www.autisti.sk\/lienka\/wp-json\/wp\/v2\/pages\/884\/revisions\/886"}],"wp:attachment":[{"href":"http:\/\/www.autisti.sk\/lienka\/wp-json\/wp\/v2\/media?parent=884"}],"curies":[{"name":"wp","href":"https:\/\/api.w.org\/{rel}","templated":true}]}}