{"id":879,"date":"2023-04-24T17:09:48","date_gmt":"2023-04-24T15:09:48","guid":{"rendered":"http:\/\/www.autisti.sk\/lienka\/?page_id=879"},"modified":"2023-04-24T17:09:48","modified_gmt":"2023-04-24T15:09:48","slug":"koncepcia-rozvoja-socialnych-sluzieb","status":"publish","type":"page","link":"http:\/\/www.autisti.sk\/lienka\/koncepcia-rozvoja-socialnych-sluzieb\/","title":{"rendered":"Koncepcia rozvoja soci\u00e1lnych slu\u017eieb"},"content":{"rendered":"\n<p>Nitriansky samospr\u00e1vny kraj pripravuje Koncepciu rozvoja soci\u00e1lnych slu\u017eieb na obdobie rokov 2024 &#8211; 2031. V tejto s\u00favislosti oslovuje svojich ob\u010danov s v\u00fdzvou, aby vyplnili dotazn\u00edk v tomto linku do 28.4.2023.<\/p>\n\n\n\n<p><a href=\"https:\/\/docs.google.com\/forms\/d\/e\/1FAIpQLSdS7Pf_jcWxCK1UeXoW_jKNdVbgwd27Ju-P_oNm_uaGinewxg\/viewform\">https:\/\/docs.google.com\/forms\/d\/e\/1FAIpQLSdS7Pf_jcWxCK1UeXoW_jKNdVbgwd27Ju-P_oNm_uaGinewxg\/viewform<\/a><\/p>\n","protected":false},"excerpt":{"rendered":"<p>Nitriansky samospr\u00e1vny kraj pripravuje Koncepciu rozvoja soci\u00e1lnych slu\u017eieb na obdobie rokov 2024 &#8211; 2031. V tejto s\u00favislosti oslovuje svojich ob\u010danov s v\u00fdzvou, aby vyplnili dotazn\u00edk v tomto linku do 28.4.2023. https:\/\/docs.google.com\/forms\/d\/e\/1FAIpQLSdS7Pf_jcWxCK1UeXoW_jKNdVbgwd27Ju-P_oNm_uaGinewxg\/viewform<\/p>\n","protected":false},"author":3,"featured_media":0,"parent":0,"menu_order":0,"comment_status":"closed","ping_status":"closed","template":"","meta":{"ngg_post_thumbnail":0},"_links":{"self":[{"href":"http:\/\/www.autisti.sk\/lienka\/wp-json\/wp\/v2\/pages\/879"}],"collection":[{"href":"http:\/\/www.autisti.sk\/lienka\/wp-json\/wp\/v2\/pages"}],"about":[{"href":"http:\/\/www.autisti.sk\/lienka\/wp-json\/wp\/v2\/types\/page"}],"author":[{"embeddable":true,"href":"http:\/\/www.autisti.sk\/lienka\/wp-json\/wp\/v2\/users\/3"}],"replies":[{"embeddable":true,"href":"http:\/\/www.autisti.sk\/lienka\/wp-json\/wp\/v2\/comments?post=879"}],"version-history":[{"count":1,"href":"http:\/\/www.autisti.sk\/lienka\/wp-json\/wp\/v2\/pages\/879\/revisions"}],"predecessor-version":[{"id":880,"href":"http:\/\/www.autisti.sk\/lienka\/wp-json\/wp\/v2\/pages\/879\/revisions\/880"}],"wp:attachment":[{"href":"http:\/\/www.autisti.sk\/lienka\/wp-json\/wp\/v2\/media?parent=879"}],"curies":[{"name":"wp","href":"https:\/\/api.w.org\/{rel}","templated":true}]}}