{"id":86,"date":"2021-04-09T19:39:03","date_gmt":"2021-04-09T17:39:03","guid":{"rendered":"http:\/\/www.autisti.sk\/lienka\/?page_id=86"},"modified":"2025-12-29T17:03:50","modified_gmt":"2025-12-29T16:03:50","slug":"cennik-socialnej-sluzby","status":"publish","type":"page","link":"http:\/\/www.autisti.sk\/lienka\/cennik-socialnej-sluzby\/","title":{"rendered":"Cenn\u00edk"},"content":{"rendered":"\n<p><strong>Cenn\u00edk soci\u00e1lnej slu\u017eby platn\u00fd od 1.1.2026<\/strong><\/p>\n\n\n\n<div class=\"wp-block-file\"><object class=\"wp-block-file__embed\" data=\"http:\/\/www.autisti.sk\/lienka\/wp-content\/uploads\/2025\/12\/cennA_k-od-1.1.2026_compressed.pdf\" type=\"application\/pdf\" style=\"width:100%;height:600px\" aria-label=\"Vlo\u017ei\u0165 <strong&gt;Cenn\u00edk soci\u00e1lnej slu\u017eby platn\u00fd od 1.1.2026<\/strong&gt;.\"><\/object><a id=\"wp-block-file--media-ee1f16ff-7530-4f66-a3d6-4a7febab6fd7\" href=\"http:\/\/www.autisti.sk\/lienka\/wp-content\/uploads\/2025\/12\/cennA_k-od-1.1.2026_compressed.pdf\"><strong>Cenn\u00edk soci\u00e1lnej slu\u017eby platn\u00fd od 1.1.2026<\/strong><\/a><a href=\"http:\/\/www.autisti.sk\/lienka\/wp-content\/uploads\/2025\/12\/cennA_k-od-1.1.2026_compressed.pdf\" class=\"wp-block-file__button\" download aria-describedby=\"wp-block-file--media-ee1f16ff-7530-4f66-a3d6-4a7febab6fd7\">Stiahnu\u0165<\/a><\/div>\n\n\n\n<div style=\"height:74px\" aria-hidden=\"true\" class=\"wp-block-spacer\"><\/div>\n\n\n\n<p><strong>Cenn\u00edk soci\u00e1lnej slu\u017eby platn\u00fd od 1.9.2024<\/strong><\/p>\n\n\n\n<div class=\"wp-block-file\"><a id=\"wp-block-file--media-ee1f16ff-7530-4f66-a3d6-4a7febab6fd7\" href=\"http:\/\/www.autisti.sk\/lienka\/wp-content\/uploads\/2024\/08\/cennik-od-1.9.2024.pdf\">Cenn\u00edk soci\u00e1lnej slu\u017eby platn\u00fd od 1.9.2024<\/a><a href=\"http:\/\/www.autisti.sk\/lienka\/wp-content\/uploads\/2024\/08\/cennik-od-1.9.2024.pdf\" class=\"wp-block-file__button\" download aria-describedby=\"wp-block-file--media-ee1f16ff-7530-4f66-a3d6-4a7febab6fd7\">Stiahnu\u0165<\/a><\/div>\n\n\n\n<div style=\"height:31px\" aria-hidden=\"true\" class=\"wp-block-spacer\"><\/div>\n\n\n\n<div class=\"wp-block-file\"><a id=\"wp-block-file--media-d5694a70-2dd2-4d1b-bd26-c3f74b95be7a\" href=\"http:\/\/www.autisti.sk\/lienka\/wp-content\/uploads\/2024\/08\/cenn-k-od-1-1-2024.jpg\"><a href=\"https:\/\/jmp.sh\/JIzXDueT\">Cenn\u00edk soci\u00e1lnej slu\u017eby platn\u00fd od 1.1.2024<\/a><\/a><a href=\"http:\/\/www.autisti.sk\/lienka\/wp-content\/uploads\/2024\/08\/cenn-k-od-1-1-2024.jpg\" class=\"wp-block-file__button\" download aria-describedby=\"wp-block-file--media-d5694a70-2dd2-4d1b-bd26-c3f74b95be7a\">Stiahnu\u0165<\/a><\/div>\n\n\n\n<p><strong>Cenn\u00edk soci\u00e1lnej slu\u017eby platn\u00fd od 1.2.2023<\/strong><\/p>\n\n\n\n<div class=\"wp-block-file\"><a id=\"wp-block-file--media-718080be-1ac3-40a5-849d-befa7a4de479\" href=\"http:\/\/www.autisti.sk\/lienka\/wp-content\/uploads\/2023\/01\/cennik-socialnej-sluzby-platny-od-1.2.2023_rotated.pdf\">Cenn\u00edk soci\u00e1lnej slu\u017eby platn\u00fd od 1.2.2023<\/a><a href=\"http:\/\/www.autisti.sk\/lienka\/wp-content\/uploads\/2023\/01\/cennik-socialnej-sluzby-platny-od-1.2.2023_rotated.pdf\" class=\"wp-block-file__button\" download aria-describedby=\"wp-block-file--media-718080be-1ac3-40a5-849d-befa7a4de479\">Stiahnu\u0165<\/a><\/div>\n\n\n\n<p><strong>Cenn\u00edk soci\u00e1lnej slu\u017eby platn\u00fd od 3.1.2022<\/strong><\/p>\n\n\n\n<div class=\"wp-block-file\"><a id=\"wp-block-file--media-1a79668e-7285-4d74-97c7-b05471cb3df6\" href=\"http:\/\/www.autisti.sk\/lienka\/wp-content\/uploads\/2022\/01\/cennik-od-3.1.2022.pdf\">Cenn\u00edk od 3.1.2022<\/a><a href=\"http:\/\/www.autisti.sk\/lienka\/wp-content\/uploads\/2022\/01\/cennik-od-3.1.2022.pdf\" class=\"wp-block-file__button\" download aria-describedby=\"wp-block-file--media-1a79668e-7285-4d74-97c7-b05471cb3df6\">Stiahnu\u0165<\/a><\/div>\n\n\n\n<p><strong>Cenn\u00edk soci\u00e1lnej slu\u017eby platn\u00fd od 1.6.2021<\/strong><\/p>\n\n\n\n<div class=\"wp-block-file\"><a id=\"wp-block-file--media-5ea7bf33-41cc-4a2f-869e-1bc3292f2896\" href=\"http:\/\/www.autisti.sk\/lienka\/wp-content\/uploads\/2021\/11\/cennik-od-1.6.2021-final.pdf\">Cenn\u00edk od 1.6.2021<\/a><a href=\"http:\/\/www.autisti.sk\/lienka\/wp-content\/uploads\/2021\/11\/cennik-od-1.6.2021-final.pdf\" class=\"wp-block-file__button\" download aria-describedby=\"wp-block-file--media-5ea7bf33-41cc-4a2f-869e-1bc3292f2896\">Stiahnu\u0165<\/a><\/div>\n\n\n\n<p><strong>Cenn\u00edk soci\u00e1lnej slu\u017eby platn\u00fd od 1.3.2021 do 31.5.2021<\/strong><\/p>\n\n\n\n<div class=\"wp-block-file\"><a id=\"wp-block-file--media-2eba1002-0f4e-4a30-9851-479749f66ff6\" href=\"http:\/\/www.autisti.sk\/lienka\/wp-content\/uploads\/2021\/11\/cennik-2021-final.pdf\">Cenn\u00edk 2021<\/a><a href=\"http:\/\/www.autisti.sk\/lienka\/wp-content\/uploads\/2021\/11\/cennik-2021-final.pdf\" class=\"wp-block-file__button\" download aria-describedby=\"wp-block-file--media-2eba1002-0f4e-4a30-9851-479749f66ff6\">Stiahnu\u0165<\/a><\/div>\n\n\n\n<p><strong>Cenn\u00edk soci\u00e1lnej slu\u017eby platn\u00fd od 15.5.2019 do 28.2.2021<\/strong><\/p>\n\n\n\n<div class=\"wp-block-file\"><a id=\"wp-block-file--media-c7e44b40-eaee-46c7-b0eb-4cdeb030a812\" href=\"http:\/\/www.autisti.sk\/lienka\/wp-content\/uploads\/2021\/11\/cennik-final.pdf\">Cenn\u00edk 2019-2021<\/a><a href=\"http:\/\/www.autisti.sk\/lienka\/wp-content\/uploads\/2021\/11\/cennik-final.pdf\" class=\"wp-block-file__button\" download aria-describedby=\"wp-block-file--media-c7e44b40-eaee-46c7-b0eb-4cdeb030a812\">Stiahnu\u0165<\/a><\/div>\n","protected":false},"excerpt":{"rendered":"<p>Cenn\u00edk soci\u00e1lnej slu\u017eby platn\u00fd od 1.1.2026 Cenn\u00edk soci\u00e1lnej slu\u017eby platn\u00fd od 1.9.2024 Cenn\u00edk soci\u00e1lnej slu\u017eby platn\u00fd od 1.2.2023 Cenn\u00edk soci\u00e1lnej slu\u017eby platn\u00fd od 3.1.2022 Cenn\u00edk soci\u00e1lnej slu\u017eby platn\u00fd od 1.6.2021 Cenn\u00edk soci\u00e1lnej slu\u017eby platn\u00fd od 1.3.2021 do 31.5.2021 Cenn\u00edk soci\u00e1lnej slu\u017eby platn\u00fd od 15.5.2019 do 28.2.2021<\/p>\n","protected":false},"author":2,"featured_media":0,"parent":0,"menu_order":0,"comment_status":"closed","ping_status":"closed","template":"","meta":{"ngg_post_thumbnail":0},"_links":{"self":[{"href":"http:\/\/www.autisti.sk\/lienka\/wp-json\/wp\/v2\/pages\/86"}],"collection":[{"href":"http:\/\/www.autisti.sk\/lienka\/wp-json\/wp\/v2\/pages"}],"about":[{"href":"http:\/\/www.autisti.sk\/lienka\/wp-json\/wp\/v2\/types\/page"}],"author":[{"embeddable":true,"href":"http:\/\/www.autisti.sk\/lienka\/wp-json\/wp\/v2\/users\/2"}],"replies":[{"embeddable":true,"href":"http:\/\/www.autisti.sk\/lienka\/wp-json\/wp\/v2\/comments?post=86"}],"version-history":[{"count":26,"href":"http:\/\/www.autisti.sk\/lienka\/wp-json\/wp\/v2\/pages\/86\/revisions"}],"predecessor-version":[{"id":1166,"href":"http:\/\/www.autisti.sk\/lienka\/wp-json\/wp\/v2\/pages\/86\/revisions\/1166"}],"wp:attachment":[{"href":"http:\/\/www.autisti.sk\/lienka\/wp-json\/wp\/v2\/media?parent=86"}],"curies":[{"name":"wp","href":"https:\/\/api.w.org\/{rel}","templated":true}]}}