{"id":851,"date":"2023-03-16T11:52:10","date_gmt":"2023-03-16T10:52:10","guid":{"rendered":"http:\/\/www.autisti.sk\/lienka\/?page_id=851"},"modified":"2023-03-16T11:53:25","modified_gmt":"2023-03-16T10:53:25","slug":"projekt-profesia-lab","status":"publish","type":"page","link":"http:\/\/www.autisti.sk\/lienka\/projekt-profesia-lab\/","title":{"rendered":"Projekt Profesia Lab"},"content":{"rendered":"\n<div class=\"wp-block-media-text alignwide is-stacked-on-mobile\" style=\"grid-template-columns:38% auto\"><figure class=\"wp-block-media-text__media\"><img loading=\"lazy\" width=\"661\" height=\"719\" src=\"http:\/\/www.autisti.sk\/lienka\/wp-content\/uploads\/2023\/03\/profesia-lienka-oznam.jpg\" alt=\"\" class=\"wp-image-852 size-full\" srcset=\"http:\/\/www.autisti.sk\/lienka\/wp-content\/uploads\/2023\/03\/profesia-lienka-oznam.jpg 661w, http:\/\/www.autisti.sk\/lienka\/wp-content\/uploads\/2023\/03\/profesia-lienka-oznam-276x300.jpg 276w, http:\/\/www.autisti.sk\/lienka\/wp-content\/uploads\/2023\/03\/profesia-lienka-oznam-55x60.jpg 55w\" sizes=\"(max-width: 661px) 100vw, 661px\" \/><\/figure><div class=\"wp-block-media-text__content\">\n<p>V ZSS Lienka sme s\u00fa\u010das\u0165ou programu Profesia Lab &#8211; celoslovensk\u00fd projekt\u00a0\u00a0v\u00a0r\u00e1mci programu \u201eV\u00fdpomoc so srdcom\u201c\u00a0\u00a0zameran\u00fd na pomoc uch\u00e1dza\u010dom s autizmom, ADHD a dyslexiou a in\u00fdmi zdravotn\u00fdm znev\u00fdhodnen\u00edm uplatni\u0165 sa na trhu pr\u00e1ce.<\/p>\n\n\n\n<p><\/p>\n<\/div><\/div>\n\n\n\n<div style=\"height:24px\" aria-hidden=\"true\" class=\"wp-block-spacer\"><\/div>\n\n\n\n<p>Vybran\u00ed klienti sa bud\u00fa pripravova\u0165\u00a0na trh pr\u00e1ce pravideln\u00fdmi stretnutiami s ASSET lektorkou Annou Podlesnou\u00a0a absolvuj\u00fa ASSET program, vedecky vyvinut\u00fd tr\u00e9ning m\u00e4kk\u00fdch zru\u010dnost\u00ed z USA, ktor\u00fd vznikol \u0161peci\u00e1lne pre \u013eud\u00ed so zdravotn\u00fdm znev\u00fdhodnen\u00edm.<\/p>\n\n\n\n<p>Na druhej strane bud\u00fa prebieha\u0165 konzult\u00e1cie a obhliadky vo firm\u00e1ch, spoznanie charakteru pr\u00e1ce a zla\u010fovanie individu\u00e1lnych potrieb firiem a uch\u00e1dza\u010dov.<br>Cie\u013eom programu \u201eV\u00fdpomoc so srdcom\u201c je zvy\u0161ova\u0165 \u0161ance \u013eud\u00ed so zdravotn\u00fdm znev\u00fdhodnen\u00edm zamestna\u0165 sa na otvorenom trhu pr\u00e1ce. Bli\u017e\u0161ie inform\u00e1cie o projekte Profesia Lab n\u00e1jdete na str\u00e1nke:\u00a0<a rel=\"noreferrer noopener\" href=\"https:\/\/www.sosrdcom.sk\/\" target=\"_blank\">https:\/\/www.sosrdcom.sk\/<\/a><\/p>\n","protected":false},"excerpt":{"rendered":"<p>V ZSS Lienka sme s\u00fa\u010das\u0165ou programu Profesia Lab &#8211; celoslovensk\u00fd projekt\u00a0\u00a0v\u00a0r\u00e1mci programu \u201eV\u00fdpomoc so srdcom\u201c\u00a0\u00a0zameran\u00fd na pomoc uch\u00e1dza\u010dom s autizmom, ADHD a dyslexiou a in\u00fdmi zdravotn\u00fdm znev\u00fdhodnen\u00edm uplatni\u0165 sa na trhu pr\u00e1ce. Vybran\u00ed klienti sa bud\u00fa pripravova\u0165\u00a0na trh pr\u00e1ce pravideln\u00fdmi stretnutiami s ASSET lektorkou Annou Podlesnou\u00a0a absolvuj\u00fa ASSET program, vedecky vyvinut\u00fd tr\u00e9ning m\u00e4kk\u00fdch zru\u010dnost\u00ed z USA, ktor\u00fd vznikol \u0161peci\u00e1lne pre \u013eud\u00ed so zdravotn\u00fdm znev\u00fdhodnen\u00edm. Na druhej strane bud\u00fa prebieha\u0165 konzult\u00e1cie a obhliadky vo firm\u00e1ch, spoznanie charakteru pr\u00e1ce a zla\u010fovanie individu\u00e1lnych potrieb firiem a uch\u00e1dza\u010dov.Cie\u013eom programu \u201eV\u00fdpomoc so srdcom\u201c je zvy\u0161ova\u0165 \u0161ance \u013eud\u00ed so zdravotn\u00fdm znev\u00fdhodnen\u00edm zamestna\u0165 sa na otvorenom trhu &hellip; <\/p>\n","protected":false},"author":3,"featured_media":0,"parent":0,"menu_order":0,"comment_status":"closed","ping_status":"closed","template":"","meta":{"ngg_post_thumbnail":0},"_links":{"self":[{"href":"http:\/\/www.autisti.sk\/lienka\/wp-json\/wp\/v2\/pages\/851"}],"collection":[{"href":"http:\/\/www.autisti.sk\/lienka\/wp-json\/wp\/v2\/pages"}],"about":[{"href":"http:\/\/www.autisti.sk\/lienka\/wp-json\/wp\/v2\/types\/page"}],"author":[{"embeddable":true,"href":"http:\/\/www.autisti.sk\/lienka\/wp-json\/wp\/v2\/users\/3"}],"replies":[{"embeddable":true,"href":"http:\/\/www.autisti.sk\/lienka\/wp-json\/wp\/v2\/comments?post=851"}],"version-history":[{"count":2,"href":"http:\/\/www.autisti.sk\/lienka\/wp-json\/wp\/v2\/pages\/851\/revisions"}],"predecessor-version":[{"id":854,"href":"http:\/\/www.autisti.sk\/lienka\/wp-json\/wp\/v2\/pages\/851\/revisions\/854"}],"wp:attachment":[{"href":"http:\/\/www.autisti.sk\/lienka\/wp-json\/wp\/v2\/media?parent=851"}],"curies":[{"name":"wp","href":"https:\/\/api.w.org\/{rel}","templated":true}]}}