{"id":821,"date":"2023-03-03T12:57:21","date_gmt":"2023-03-03T11:57:21","guid":{"rendered":"http:\/\/www.autisti.sk\/lienka\/?page_id=821"},"modified":"2023-03-03T13:18:24","modified_gmt":"2023-03-03T12:18:24","slug":"narodny-projekt-podpora-socialneho-zaclenovania-pre-vybrane-skupiny-osob-so-zdravotnym-postihnutim","status":"publish","type":"page","link":"http:\/\/www.autisti.sk\/lienka\/narodny-projekt-podpora-socialneho-zaclenovania-pre-vybrane-skupiny-osob-so-zdravotnym-postihnutim\/","title":{"rendered":"N\u00e1rodn\u00fd projekt podpora soci\u00e1lneho za\u010dle\u0148ovania pre vybran\u00e9 skupiny os\u00f4b so zdravotn\u00fdm postihnut\u00edm"},"content":{"rendered":"\n<div style=\"height:50px\" aria-hidden=\"true\" class=\"wp-block-spacer\"><\/div>\n\n\n\n<h3 class=\"has-text-align-left has-text-color\" style=\"color:#0e7c22\">Podpora poskytovate\u013eov soci\u00e1lnych slu\u017eieb<\/h3>\n\n\n\n<h4 class=\"has-text-color\" style=\"color:#757777\"><strong>Podpora soci\u00e1lneho za\u010dle\u0148ovania pre vybran\u00e9 skupiny os\u00f4b so zdravotn\u00fdm postihnut\u00edm<\/strong><\/h4>\n\n\n\n<div style=\"height:34px\" aria-hidden=\"true\" class=\"wp-block-spacer\"><\/div>\n\n\n\n<h4><strong>N\u00c1RODN\u00dd PROJEKT<\/strong><\/h4>\n\n\n\n<figure class=\"wp-block-table is-style-regular\" style=\"font-size:14px\"><table><tbody><tr><td><strong>Riadiaci org\u00e1n:<\/strong><\/td><td class=\"has-text-align-left\" data-align=\"left\"><strong>Ministerstvo pr\u00e1ce, soci\u00e1lnych vec\u00ed a rodiny Slovenskej republiky<\/strong><\/td><\/tr><tr><td>K\u00f3d projektu v ITMS+:<\/td><td class=\"has-text-align-left\" data-align=\"left\">312041BGD8<\/td><\/tr><tr><td>Prij\u00edmate\u013e:<\/td><td class=\"has-text-align-left\" data-align=\"left\">Zariadenie soci\u00e1lnych slu\u017eieb Lienka, Dovr\u010dansk\u00e1 63, Nitra<\/td><\/tr><tr><td>Miesto realiz\u00e1cie projektu:<\/td><td class=\"has-text-align-left\" data-align=\"left\">Zariadenie soci\u00e1lnych slu\u017eieb Lienka, Dovr\u010dansk\u00e1 63, Nitra<\/td><\/tr><tr><td>Pou\u017eit\u00fd syst\u00e9m financovania:<\/td><td class=\"has-text-align-left\" data-align=\"left\">syst\u00e9m refund\u00e1cie<\/td><\/tr><tr><td><strong>Trvanie projektu:<\/strong><\/td><td class=\"has-text-align-left\" data-align=\"left\"><strong>22.02.2023\u2013 31.12.2023<\/strong><\/td><\/tr><\/tbody><\/table><\/figure>\n\n\n\n<div style=\"height:50px\" aria-hidden=\"true\" class=\"wp-block-spacer\"><\/div>\n\n\n\n<p><strong>Z\u00c1KLADN\u00c9 INFORM\u00c1CIE O N\u00c1RODNOM PROJEKTE<\/strong><\/p>\n\n\n\n<figure class=\"wp-block-table\" style=\"font-size:14px\"><table><tbody><tr><td><em>Opera\u010dn\u00fd program:<\/em><\/td><td><em>Opera\u010dn\u00fd program:<\/em><\/td><\/tr><tr><td><em>Prioritn\u00e1 os<\/em>: &nbsp;&nbsp;&nbsp;&nbsp;&nbsp;<\/td><td>4 Soci\u00e1lne za\u010dlenenie<\/td><\/tr><tr><td><em>\u0160pecifick\u00fd cie\u013e<\/em>: &nbsp;<\/td><td>4.1.2 \u2013 Prevencia a elimin\u00e1cia v\u0161etk\u00fdch foriem diskrimin\u00e1cie<\/td><\/tr><tr><td><em>Oblas\u0165 intervencie<\/em>:<\/td><td>109 \u2013 Akt\u00edvne za\u010dlenenie, a to aj s cie\u013eom podporova\u0165 rovnak\u00e9 pr\u00edle\u017eitosti a akt\u00edvnu \u00fa\u010das\u0165 a zlep\u0161enie zamestnate\u013enosti<\/td><\/tr><tr><td><em>Sch\u00e9ma \u0161t\u00e1tnej pomoci\/<\/em>            <\/td><td><\/td><\/tr><tr><td><em>Sch\u00e9ma pomoci de minimis:<\/em><\/td><td>DM &#8211; 3\/2021 &#8211; Sch\u00e9ma pomoci de minimis na podporu soci\u00e1lnej inkl\u00fazie, zamestnanosti a vzdel\u00e1vania zamestnancov<\/td><\/tr><tr><td><em>Fond<\/em>:<\/td><td>Eur\u00f3psky soci\u00e1lny fond<\/td><\/tr><tr><td><em>Miesto realiz\u00e1cie projektu<\/em>:<\/td><td>V\u0161etky samospr\u00e1vne kraje SR<\/td><\/tr><\/tbody><\/table><\/figure>\n\n\n\n<p><strong>HLAVN\u00dd CIE\u013d PROJEKTU<\/strong><\/p>\n\n\n\n<p style=\"font-size:15px\">Hlavn\u00fdm cie\u013eom projektu je <strong>podpora za\u010dle\u0148ovania<\/strong> os\u00f4b vyl\u00fa\u010den\u00fdch alebo ohrozen\u00fdch soci\u00e1lnym vyl\u00fa\u010den\u00edm, \u0161pecificky os\u00f4b so zdravotn\u00fdm postihnut\u00edm (\u010falej len ,,ZP\u201c) s d\u00f4razom na osoby s ment\u00e1lnym postihnut\u00edm (\u010falej len ,,MP\u201c) a osoby s <strong>poruchami autistick\u00e9ho spektra<\/strong> (\u010falej len ,,PAS\u201c) a zlep\u0161enie ich \u017eivotnej situ\u00e1cie v s\u00falade s Dohovorom OSN o pr\u00e1vach os\u00f4b so zdravotn\u00fdm postihnut\u00edm, a to prostredn\u00edctvom nastavenia syst\u00e9movej podpory a zvy\u0161ovan\u00edm kvality odborn\u00fdch \u010dinnost\u00ed najm\u00e4 v oblasti soci\u00e1lnych slu\u017eieb a slu\u017eieb zamestnanosti v r\u00e1mci cel\u00e9ho Slovenska. 2.2<\/p>\n\n\n\n<p><strong>HLAVN\u00dd CIE\u013d PODAKTIVITY<\/strong><\/p>\n\n\n\n<p style=\"font-size:15px\">Hlavn\u00fdm cie\u013eom podaktivity 4 \u2013 <strong>Podpora poradcov pracovnej integr\u00e1cie<\/strong> pre vybran\u00e9 skupiny os\u00f4b so zdravotn\u00fdm postihnut\u00edm s d\u00f4razom na MP <strong>a PAS<\/strong> je priama podpora Poskytovate\u013eov\/APZ pracuj\u00facich s vybranou cie\u013eovou skupinou os\u00f4b so ZP s d\u00f4razom na osoby s MP a osoby s<strong> PAS formou zamestn\u00e1vania<\/strong> poradcu pracovnej integr\u00e1cie za \u00fa\u010delom podpory zamestn\u00e1vania a pracovn\u00e9ho za\u010dle\u0148ovania prij\u00edmate\u013eov\/klientov s PAS alebo MP.<\/p>\n\n\n\n<p><strong>CIE\u013dOV\u00c1 SKUPINA<\/strong><\/p>\n\n\n\n<ul style=\"font-size:15px\"><li>osoby so zdravotn\u00fdm postihnut\u00edm<\/li><li>subjekty vykon\u00e1vaj\u00face \u010dinnosti vo verejnom z\u00e1ujme a\/alebo soci\u00e1lne slu\u017eby v\u0161eobecn\u00e9ho z\u00e1ujmu<\/li><li>verejn\u00ed poskytovatelia soci\u00e1lnych slu\u017eieb<\/li><li>neverejn\u00ed poskytovatelia soci\u00e1lnych slu\u017eieb<\/li><li>zamestnanci vykon\u00e1vaj\u00faci politiky a opatrenia v oblasti prevencie diskrimin\u00e1cie a\/alebo soci\u00e1lneho za\u010dlenenia vo verejnom aj v neverejnom sektore.<\/li><\/ul>\n\n\n\n<p><strong>FINANCOVANIE PROJEKTU<\/strong><\/p>\n\n\n\n<p style=\"font-size:15px\"><strong>Finan\u010dn\u00e9 prostriedky<\/strong> ur\u010den\u00e9 na financovanie tret\u00edch subjektov zapojen\u00fdch do NP PSZZP v r\u00e1mci podaktivity 4 Podpora poradcov pracovnej integr\u00e1cie pre vybran\u00e9 skupiny os\u00f4b so \u201ezdravotn\u00fdm postihnut\u00edm s d\u00f4razom na ment\u00e1lne postihnutie a <strong>poruchy autistick\u00e9ho spektra<\/strong> s\u00fa v r\u00e1mci projektu alokovan\u00e9 vo v\u00fd\u0161ke <strong>599 400,00 EUR.<\/strong><\/p>\n\n\n\n<p style=\"font-size:15px\">Finan\u010dn\u00e1 pomoc pozost\u00e1va z finan\u010dn\u00e9ho pr\u00edspevku zo zdrojov ESF a \u0161t\u00e1tneho rozpo\u010dtu.<em>\u201eTento projekt sa realizuje v\u010faka podpore z Eur\u00f3pskeho soci\u00e1lneho fondu a Eur\u00f3pskeho fondu region\u00e1lneho rozvoja v r\u00e1mci Opera\u010dn\u00e9ho programu \u013dudsk\u00e9 zdroje.\u201c <a href=\"http:\/\/www.esf.gov.sk\" data-type=\"URL\" data-id=\"www.esf.gov.sk\">www.esf.gov.sk<\/a> &nbsp;<a href=\"http:\/\/www.ludskezdroje.gov.sk\" data-type=\"URL\" data-id=\"www.ludskezdroje.gov.sk\">www.ludskezdroje.gov.sk<\/a> <a href=\"http:\/\/www.employment.gov.sk\" data-type=\"URL\" data-id=\"www.employment.gov.sk\">www.employment.gov.sk<\/a><\/em><\/p>\n\n\n\n<hr class=\"wp-block-separator has-alpha-channel-opacity is-style-wide\"\/>\n\n\n<div class=\"wp-block-image\">\n<figure class=\"aligncenter size-full is-resized\"><img loading=\"lazy\" src=\"http:\/\/www.autisti.sk\/lienka\/wp-content\/uploads\/2023\/03\/europsky-socialny-fond.png\" alt=\"\" class=\"wp-image-823\" width=\"134\" height=\"190\" srcset=\"http:\/\/www.autisti.sk\/lienka\/wp-content\/uploads\/2023\/03\/europsky-socialny-fond.png 292w, http:\/\/www.autisti.sk\/lienka\/wp-content\/uploads\/2023\/03\/europsky-socialny-fond-212x300.png 212w, http:\/\/www.autisti.sk\/lienka\/wp-content\/uploads\/2023\/03\/europsky-socialny-fond-42x60.png 42w\" sizes=\"(max-width: 134px) 100vw, 134px\" \/><\/figure><\/div>\n\n\n<hr class=\"wp-block-separator has-alpha-channel-opacity is-style-wide\"\/>\n\n\n<a href=\"http:\/\/www.autisti.sk\/lienka\/wp-content\/uploads\/2023\/03\/Priloha-c.-8_Informacna-tabula-NP-PSZZP_A3.pdf\" class=\"pdfemb-viewer\" style=\"\" data-width=\"max\" data-height=\"max\"  data-toolbar=\"bottom\" data-toolbar-fixed=\"off\">Priloha-c.-8_Informacna-tabula-NP-PSZZP_A3<br\/><\/a>\n<p class=\"wp-block-pdfemb-pdf-embedder-viewer\"><\/p>\n","protected":false},"excerpt":{"rendered":"<p>Podpora poskytovate\u013eov soci\u00e1lnych slu\u017eieb Podpora soci\u00e1lneho za\u010dle\u0148ovania pre vybran\u00e9 skupiny os\u00f4b so zdravotn\u00fdm postihnut\u00edm N\u00c1RODN\u00dd PROJEKT Riadiaci org\u00e1n: Ministerstvo pr\u00e1ce, soci\u00e1lnych vec\u00ed a rodiny Slovenskej republiky K\u00f3d projektu v ITMS+: 312041BGD8 Prij\u00edmate\u013e: Zariadenie soci\u00e1lnych slu\u017eieb Lienka, Dovr\u010dansk\u00e1 63, Nitra Miesto realiz\u00e1cie projektu: Zariadenie soci\u00e1lnych slu\u017eieb Lienka, Dovr\u010dansk\u00e1 63, Nitra Pou\u017eit\u00fd syst\u00e9m financovania: syst\u00e9m refund\u00e1cie Trvanie projektu: 22.02.2023\u2013 31.12.2023 Z\u00c1KLADN\u00c9 INFORM\u00c1CIE O N\u00c1RODNOM PROJEKTE Opera\u010dn\u00fd program: Opera\u010dn\u00fd program: Prioritn\u00e1 os: &nbsp;&nbsp;&nbsp;&nbsp;&nbsp; 4 Soci\u00e1lne za\u010dlenenie \u0160pecifick\u00fd cie\u013e: &nbsp; 4.1.2 \u2013 Prevencia a elimin\u00e1cia v\u0161etk\u00fdch foriem diskrimin\u00e1cie Oblas\u0165 intervencie: 109 \u2013 Akt\u00edvne za\u010dlenenie, a to aj s cie\u013eom podporova\u0165 rovnak\u00e9 pr\u00edle\u017eitosti a akt\u00edvnu &hellip; <\/p>\n","protected":false},"author":3,"featured_media":0,"parent":0,"menu_order":0,"comment_status":"closed","ping_status":"closed","template":"","meta":{"ngg_post_thumbnail":0},"_links":{"self":[{"href":"http:\/\/www.autisti.sk\/lienka\/wp-json\/wp\/v2\/pages\/821"}],"collection":[{"href":"http:\/\/www.autisti.sk\/lienka\/wp-json\/wp\/v2\/pages"}],"about":[{"href":"http:\/\/www.autisti.sk\/lienka\/wp-json\/wp\/v2\/types\/page"}],"author":[{"embeddable":true,"href":"http:\/\/www.autisti.sk\/lienka\/wp-json\/wp\/v2\/users\/3"}],"replies":[{"embeddable":true,"href":"http:\/\/www.autisti.sk\/lienka\/wp-json\/wp\/v2\/comments?post=821"}],"version-history":[{"count":7,"href":"http:\/\/www.autisti.sk\/lienka\/wp-json\/wp\/v2\/pages\/821\/revisions"}],"predecessor-version":[{"id":836,"href":"http:\/\/www.autisti.sk\/lienka\/wp-json\/wp\/v2\/pages\/821\/revisions\/836"}],"wp:attachment":[{"href":"http:\/\/www.autisti.sk\/lienka\/wp-json\/wp\/v2\/media?parent=821"}],"curies":[{"name":"wp","href":"https:\/\/api.w.org\/{rel}","templated":true}]}}