{"id":80,"date":"2021-04-05T10:07:25","date_gmt":"2021-04-05T08:07:25","guid":{"rendered":"http:\/\/www.autisti.sk\/lienka\/?page_id=80"},"modified":"2025-02-26T14:52:34","modified_gmt":"2025-02-26T13:52:34","slug":"prijimanie-darov","status":"publish","type":"page","link":"http:\/\/www.autisti.sk\/lienka\/prijimanie-darov\/","title":{"rendered":"Prij\u00edmanie darov"},"content":{"rendered":"\n<p class=\"has-text-align-left\">Klub rodi\u010dov autisticj\u00fdch det\u00ed v Nitre m\u00e1 v s\u00falade s podmienkami kvality, krit\u00e9rium 4.4 Ur\u010denie pravidiel&nbsp;prij\u00edmania darov,&nbsp;p\u00edsomne vypracovan\u00e9 postupy a pravidl\u00e1 prij\u00edmania, pou\u017eitia a zverej\u0148ovania pe\u0148a\u017en\u00fdch a nepe\u0148a\u017en\u00fdch darov.&nbsp; Pravidl\u00e1, t\u00fdkaj\u00face sa prij\u00edmania darov m\u00e1 spracovan\u00e9 v Smernici o prij\u00edman\u00ed darov, ktor\u00e1 je pr\u00edstupn\u00e1 v zariaden\u00ed LIENKA v\u0161etk\u00fdm klientom a ich rodinn\u00fdm pr\u00edslu\u0161n\u00edkom, v\u0161etk\u00fdm zamestnancom zariadenia, v\u0161etk\u00fdm \u010dlenom ob\u010dianskeho zdru\u017eenia a tie\u017e \u0161irokej verejnosti.<\/p>\n\n\n\n<div style=\"height:64px\" aria-hidden=\"true\" class=\"wp-block-spacer\"><\/div>\n\n\n\n<h4><a href=\"http:\/\/www.autisti.sk\/lienka\/wp-content\/uploads\/2025\/02\/Prijate-dary-v-roku-2024_compressed.pdf\" data-type=\"URL\" data-id=\"http:\/\/www.autisti.sk\/lienka\/wp-content\/uploads\/2025\/02\/Prijate-dary-v-roku-2024_compressed.pdf\" target=\"_blank\" rel=\"noreferrer noopener\">Prijat\u00e9 dary v roku 2024<\/a><\/h4>\n\n\n\n<div style=\"height:30px\" aria-hidden=\"true\" class=\"wp-block-spacer\"><\/div>\n\n\n\n<h4><a href=\"http:\/\/www.autisti.sk\/lienka\/prijate-dary-v-roku-2023\/\" data-type=\"page\" data-id=\"950\">Prijat\u00e9 dary v roku 2023<\/a><\/h4>\n\n\n\n<div style=\"height:30px\" aria-hidden=\"true\" class=\"wp-block-spacer\"><\/div>\n\n\n\n<h4><a href=\"http:\/\/www.autisti.sk\/lienka\/prijate-dary-v-roku-2022\/\" data-type=\"page\" data-id=\"912\">Prijat\u00e9 dary v roku 2022<\/a><\/h4>\n\n\n\n<div style=\"height:30px\" aria-hidden=\"true\" class=\"wp-block-spacer\"><\/div>\n\n\n\n<h4><a href=\"http:\/\/www.autisti.sk\/lienka\/prijate-dary-v-roku-2021\/\" data-type=\"page\" data-id=\"555\">Prijat\u00e9 dary v roku 2021<\/a><\/h4>\n\n\n\n<div style=\"height:30px\" aria-hidden=\"true\" class=\"wp-block-spacer\"><\/div>\n\n\n\n<h4><a href=\"http:\/\/www.autisti.sk\/lienka\/prijate-dary-v-roku-2020\/\" data-type=\"page\" data-id=\"316\">Prijat\u00e9 dary v roku 2020<\/a><\/h4>\n\n\n\n<div style=\"height:30px\" aria-hidden=\"true\" class=\"wp-block-spacer\"><\/div>\n\n\n\n<h4><a href=\"http:\/\/www.autisti.sk\/lienka\/prijate-dary-v-roku-2019\/\" data-type=\"page\" data-id=\"312\">Prijat\u00e9 dary v roku 2019<\/a><\/h4>\n","protected":false},"excerpt":{"rendered":"<p>Klub rodi\u010dov autisticj\u00fdch det\u00ed v Nitre m\u00e1 v s\u00falade s podmienkami kvality, krit\u00e9rium 4.4 Ur\u010denie pravidiel&nbsp;prij\u00edmania darov,&nbsp;p\u00edsomne vypracovan\u00e9 postupy a pravidl\u00e1 prij\u00edmania, pou\u017eitia a zverej\u0148ovania pe\u0148a\u017en\u00fdch a nepe\u0148a\u017en\u00fdch darov.&nbsp; Pravidl\u00e1, t\u00fdkaj\u00face sa prij\u00edmania darov m\u00e1 spracovan\u00e9 v Smernici o prij\u00edman\u00ed darov, ktor\u00e1 je pr\u00edstupn\u00e1 v zariaden\u00ed LIENKA v\u0161etk\u00fdm klientom a ich rodinn\u00fdm pr\u00edslu\u0161n\u00edkom, v\u0161etk\u00fdm zamestnancom zariadenia, v\u0161etk\u00fdm \u010dlenom ob\u010dianskeho zdru\u017eenia a tie\u017e \u0161irokej verejnosti. Prijat\u00e9 dary v roku 2024 Prijat\u00e9 dary v roku 2023 Prijat\u00e9 dary v roku 2022 Prijat\u00e9 dary v roku 2021 Prijat\u00e9 dary v roku 2020 Prijat\u00e9 dary v roku 2019<\/p>\n","protected":false},"author":2,"featured_media":0,"parent":0,"menu_order":0,"comment_status":"closed","ping_status":"closed","template":"","meta":{"ngg_post_thumbnail":0},"_links":{"self":[{"href":"http:\/\/www.autisti.sk\/lienka\/wp-json\/wp\/v2\/pages\/80"}],"collection":[{"href":"http:\/\/www.autisti.sk\/lienka\/wp-json\/wp\/v2\/pages"}],"about":[{"href":"http:\/\/www.autisti.sk\/lienka\/wp-json\/wp\/v2\/types\/page"}],"author":[{"embeddable":true,"href":"http:\/\/www.autisti.sk\/lienka\/wp-json\/wp\/v2\/users\/2"}],"replies":[{"embeddable":true,"href":"http:\/\/www.autisti.sk\/lienka\/wp-json\/wp\/v2\/comments?post=80"}],"version-history":[{"count":31,"href":"http:\/\/www.autisti.sk\/lienka\/wp-json\/wp\/v2\/pages\/80\/revisions"}],"predecessor-version":[{"id":1097,"href":"http:\/\/www.autisti.sk\/lienka\/wp-json\/wp\/v2\/pages\/80\/revisions\/1097"}],"wp:attachment":[{"href":"http:\/\/www.autisti.sk\/lienka\/wp-json\/wp\/v2\/media?parent=80"}],"curies":[{"name":"wp","href":"https:\/\/api.w.org\/{rel}","templated":true}]}}