{"id":63,"date":"2021-03-30T09:49:37","date_gmt":"2021-03-30T07:49:37","guid":{"rendered":"http:\/\/www.autisti.sk\/lienka\/?page_id=63"},"modified":"2025-07-12T17:20:33","modified_gmt":"2025-07-12T15:20:33","slug":"vyrocne-spravy-a-uctovne-zavierky","status":"publish","type":"page","link":"http:\/\/www.autisti.sk\/lienka\/vyrocne-spravy-a-uctovne-zavierky\/","title":{"rendered":"V\u00fdro\u010dn\u00e9 spr\u00e1vy a \u00fa\u010dtovn\u00e9 z\u00e1vierky"},"content":{"rendered":"\n<ul><li><strong><strong>V\u00fdro\u010dn\u00e1 spr\u00e1va a \u00fa\u010dtovn\u00e1 z\u00e1vierka za rok 202<\/strong>4<\/strong><\/li><\/ul>\n\n\n\n<div class=\"wp-block-file\"><a id=\"wp-block-file--media-12d6aa30-3aa8-4b1a-b9b8-90533072fd07\" href=\"http:\/\/www.autisti.sk\/lienka\/wp-content\/uploads\/2025\/07\/Vyrok-auditora-2024-a-Uctova-zavierka-2024_compressed.pdf\" target=\"_blank\" rel=\"noreferrer noopener\">V\u00fdrok auditora\u00a0a \u00fa\u010dtovn\u00e1 z\u00e1vierka 2024<\/a><a href=\"http:\/\/www.autisti.sk\/lienka\/wp-content\/uploads\/2025\/07\/Vyrok-auditora-2024-a-Uctova-zavierka-2024_compressed.pdf\" class=\"wp-block-file__button\" download aria-describedby=\"wp-block-file--media-12d6aa30-3aa8-4b1a-b9b8-90533072fd07\">Stiahnu\u0165<\/a><\/div>\n\n\n\n<div class=\"wp-block-file\"><a id=\"wp-block-file--media-bdd2877f-3c8d-4be8-b3da-98f6b02fcb7a\" href=\"http:\/\/www.autisti.sk\/lienka\/wp-content\/uploads\/2025\/07\/VS-za-rok-2024.pdf\" target=\"_blank\" rel=\"noreferrer noopener\">V\u00fdro\u010dn\u00e1 spr\u00e1va za rok 2024<\/a><a href=\"http:\/\/www.autisti.sk\/lienka\/wp-content\/uploads\/2025\/07\/VS-za-rok-2024.pdf\" class=\"wp-block-file__button\" download aria-describedby=\"wp-block-file--media-bdd2877f-3c8d-4be8-b3da-98f6b02fcb7a\">Stiahnu\u0165<\/a><\/div>\n\n\n\n<div class=\"wp-block-file\"><a id=\"wp-block-file--media-8eaec2dc-0689-4b2a-809d-7647c9daa390\" href=\"http:\/\/www.autisti.sk\/lienka\/wp-content\/uploads\/2025\/07\/ekonomicky-opravnene-naklady-2024.pdf\" target=\"_blank\" rel=\"noreferrer noopener\">Ekonomicko opr\u00e1vnen\u00e9 n\u00e1klady na 1 mesiac a 1 klienta na rok 2024<\/a><a href=\"http:\/\/www.autisti.sk\/lienka\/wp-content\/uploads\/2025\/07\/ekonomicky-opravnene-naklady-2024.pdf\" class=\"wp-block-file__button\" download aria-describedby=\"wp-block-file--media-8eaec2dc-0689-4b2a-809d-7647c9daa390\">Stiahnu\u0165<\/a><\/div>\n\n\n\n<div style=\"height:64px\" aria-hidden=\"true\" class=\"wp-block-spacer\"><\/div>\n\n\n\n<ul><li><strong><strong>V\u00fdro\u010dn\u00e1 spr\u00e1va a \u00fa\u010dtovn\u00e1 z\u00e1vierka za rok 2023<\/strong><\/strong><\/li><\/ul>\n\n\n\n<p><a href=\"https:\/\/jmp.sh\/m4nlei7s\" data-type=\"URL\" data-id=\"https:\/\/jmp.sh\/m4nlei7s\">V\u00fdrok aud\u00edtora a \u00fa\u010dtovn\u00e1 z\u00e1vierka 2023<\/a><\/p>\n\n\n\n<p><a href=\"https:\/\/jmp.sh\/887r8Bg9\" data-type=\"URL\" data-id=\"https:\/\/jmp.sh\/887r8Bg9\">V\u00fdro\u010dn\u00e1 spr\u00e1va za rok 2023<\/a><\/p>\n\n\n\n<p><a href=\"https:\/\/jmp.sh\/r0SFn6at\" data-type=\"URL\" data-id=\"https:\/\/jmp.sh\/r0SFn6at\">Ekonomicky opr\u00e1vnen\u00e9 n\u00e1klady na 1 mesiac a 1 klienta (2023)<\/a><\/p>\n\n\n\n<div style=\"height:64px\" aria-hidden=\"true\" class=\"wp-block-spacer\"><\/div>\n\n\n\n<ul><li><strong><strong>V\u00fdro\u010dn\u00e1 spr\u00e1va a \u00fa\u010dtovn\u00e1 z\u00e1vierka za rok 202<\/strong>2<\/strong><\/li><\/ul>\n\n\n\n<div class=\"wp-block-file\"><a id=\"wp-block-file--media-6331e3c6-de86-44b9-9ac6-5e2a5d8d68ff\" href=\"http:\/\/www.autisti.sk\/lienka\/wp-content\/uploads\/2023\/07\/Vyrok-auditora-a-uctovna-zavierka-2022.pdf\">V\u00fdrok aud\u00edtora a \u00fa\u010dtovn\u00e1 z\u00e1vierka 2022<\/a><a href=\"http:\/\/www.autisti.sk\/lienka\/wp-content\/uploads\/2023\/07\/Vyrok-auditora-a-uctovna-zavierka-2022.pdf\" class=\"wp-block-file__button\" download aria-describedby=\"wp-block-file--media-6331e3c6-de86-44b9-9ac6-5e2a5d8d68ff\">Stiahnu\u0165<\/a><\/div>\n\n\n\n<div class=\"wp-block-file\"><a id=\"wp-block-file--media-43b8d618-2768-4a46-9226-3470b0bbc18d\" href=\"http:\/\/www.autisti.sk\/lienka\/wp-content\/uploads\/2023\/07\/VS-za-rok-2022_merged_compressed.pdf\">V\u00fdro\u010dn\u00e1 spr\u00e1va za rok 2022<\/a><a href=\"http:\/\/www.autisti.sk\/lienka\/wp-content\/uploads\/2023\/07\/VS-za-rok-2022_merged_compressed.pdf\" class=\"wp-block-file__button\" download aria-describedby=\"wp-block-file--media-43b8d618-2768-4a46-9226-3470b0bbc18d\">Stiahnu\u0165<\/a><\/div>\n\n\n\n<div class=\"wp-block-file\"><a id=\"wp-block-file--media-faa1f66a-ff43-4c32-8142-b12c11083db6\" href=\"http:\/\/www.autisti.sk\/lienka\/wp-content\/uploads\/2023\/07\/ekonomicky-opravnene-naklady-2022.pdf\">Ekonomicky opravnen\u00e9 n\u00e1klady na 1 mesiac a 1 klienta (2022)<\/a><a href=\"http:\/\/www.autisti.sk\/lienka\/wp-content\/uploads\/2023\/07\/ekonomicky-opravnene-naklady-2022.pdf\" class=\"wp-block-file__button\" download aria-describedby=\"wp-block-file--media-faa1f66a-ff43-4c32-8142-b12c11083db6\">Stiahnu\u0165<\/a><\/div>\n\n\n\n<div style=\"height:64px\" aria-hidden=\"true\" class=\"wp-block-spacer\"><\/div>\n\n\n\n<ul><li><strong>V\u00fdro\u010dn\u00e1 spr\u00e1va a \u00fa\u010dtovn\u00e1 z\u00e1vierka za rok 2021<\/strong><\/li><\/ul>\n\n\n\n<div class=\"wp-block-file\"><a id=\"wp-block-file--media-5f551d35-af5b-42ce-a4db-ef65aed2ffc2\" href=\"http:\/\/www.autisti.sk\/lienka\/wp-content\/uploads\/2022\/06\/vyrok-auditora-a-uctovna-zavierka-2021-1.pdf\">V\u00fdrok aud\u00edtora a \u00fa\u010dtovn\u00e1 z\u00e1vierka 2021<\/a><a href=\"http:\/\/www.autisti.sk\/lienka\/wp-content\/uploads\/2022\/06\/vyrok-auditora-a-uctovna-zavierka-2021-1.pdf\" class=\"wp-block-file__button\" download aria-describedby=\"wp-block-file--media-5f551d35-af5b-42ce-a4db-ef65aed2ffc2\">Stiahnu\u0165<\/a><\/div>\n\n\n\n<div class=\"wp-block-file\"><a id=\"wp-block-file--media-26ce016f-f260-4459-a208-43d635749ab0\" href=\"http:\/\/www.autisti.sk\/lienka\/wp-content\/uploads\/2022\/06\/VS-2021_final.pdf\">V\u00fdro\u010dn\u00e1 spr\u00e1va za rok 2021<\/a><a href=\"http:\/\/www.autisti.sk\/lienka\/wp-content\/uploads\/2022\/06\/VS-2021_final.pdf\" class=\"wp-block-file__button\" download aria-describedby=\"wp-block-file--media-26ce016f-f260-4459-a208-43d635749ab0\">Stiahnu\u0165<\/a><\/div>\n\n\n\n<div class=\"wp-block-file\"><a id=\"wp-block-file--media-079085ee-3dbf-4578-bf1a-2f290fa96105\" href=\"http:\/\/www.autisti.sk\/lienka\/wp-content\/uploads\/2022\/06\/EON-2021-na-1-klienta-a-1-mesiac.pdf\">Ekonomicky opr\u00e1vnen\u00e9 n\u00e1klady na 1 mesiac a 1 klienta (2021)<\/a><a href=\"http:\/\/www.autisti.sk\/lienka\/wp-content\/uploads\/2022\/06\/EON-2021-na-1-klienta-a-1-mesiac.pdf\" class=\"wp-block-file__button\" download aria-describedby=\"wp-block-file--media-079085ee-3dbf-4578-bf1a-2f290fa96105\">Stiahnu\u0165<\/a><\/div>\n\n\n\n<div style=\"height:64px\" aria-hidden=\"true\" class=\"wp-block-spacer\"><\/div>\n\n\n\n<ul><li><strong>V\u00fdro\u010dn\u00e1 spr\u00e1va a \u00fa\u010dtovn\u00e1 z\u00e1vierka za rok 2020<\/strong><\/li><\/ul>\n\n\n\n<div class=\"wp-block-file\"><a id=\"wp-block-file--media-188c2959-0e1f-4f6c-8fed-c924f99e6048\" href=\"http:\/\/www.autisti.sk\/lienka\/wp-content\/uploads\/2021\/11\/Vyrok-auditora-a-uctova-zavierka-2020-FinVer.pdf\">V\u00fdrok auditora a \u00fa\u010dtov\u00e1 z\u00e1vierka 2020<\/a><a href=\"http:\/\/www.autisti.sk\/lienka\/wp-content\/uploads\/2021\/11\/Vyrok-auditora-a-uctova-zavierka-2020-FinVer.pdf\" class=\"wp-block-file__button\" download aria-describedby=\"wp-block-file--media-188c2959-0e1f-4f6c-8fed-c924f99e6048\">Stiahnu\u0165<\/a><\/div>\n\n\n\n<div class=\"wp-block-file\"><a id=\"wp-block-file--media-e3b25319-f1b4-4ffc-ae73-db7068c840e4\" href=\"http:\/\/www.autisti.sk\/lienka\/wp-content\/uploads\/2021\/11\/Vyrocna-sprava-za-rok-2020-final-version.pdf\">V\u00fdro\u010dn\u00e1 spr\u00e1va za rok 2020<\/a><a href=\"http:\/\/www.autisti.sk\/lienka\/wp-content\/uploads\/2021\/11\/Vyrocna-sprava-za-rok-2020-final-version.pdf\" class=\"wp-block-file__button\" download aria-describedby=\"wp-block-file--media-e3b25319-f1b4-4ffc-ae73-db7068c840e4\">Stiahnu\u0165<\/a><\/div>\n\n\n\n<div class=\"wp-block-file\"><a id=\"wp-block-file--media-e416e537-b49f-4714-8ef5-be83c9ad92ff\" href=\"http:\/\/www.autisti.sk\/lienka\/wp-content\/uploads\/2021\/11\/Ekonomicky-opravnene-naklady-za-rok-2020-final.pdf\">Ekonomicky opr\u00e1vnen\u00e9 n\u00e1klady na 1 mesiac a 1 klienta (2020)<\/a><a href=\"http:\/\/www.autisti.sk\/lienka\/wp-content\/uploads\/2021\/11\/Ekonomicky-opravnene-naklady-za-rok-2020-final.pdf\" class=\"wp-block-file__button\" download aria-describedby=\"wp-block-file--media-e416e537-b49f-4714-8ef5-be83c9ad92ff\">Stiahnu\u0165<\/a><\/div>\n\n\n\n<div style=\"height:64px\" aria-hidden=\"true\" class=\"wp-block-spacer\"><\/div>\n\n\n\n<ul><li><strong>V\u00fdro\u010dn\u00e1 spr\u00e1va a \u00fa\u010dtovn\u00e1 z\u00e1vierka za rok 2019<\/strong><\/li><\/ul>\n\n\n\n<div class=\"wp-block-file\"><a id=\"wp-block-file--media-f818cd27-cdd6-42f1-a405-436a3d1a3e70\" href=\"http:\/\/www.autisti.sk\/lienka\/wp-content\/uploads\/2021\/03\/VS-za-rok-2019.pdf\">V\u00fdro\u010dn\u00e1 spr\u00e1va za rok 2019<\/a><a href=\"http:\/\/www.autisti.sk\/lienka\/wp-content\/uploads\/2021\/03\/VS-za-rok-2019.pdf\" class=\"wp-block-file__button\" download aria-describedby=\"wp-block-file--media-f818cd27-cdd6-42f1-a405-436a3d1a3e70\">Stiahnu\u0165<\/a><\/div>\n\n\n\n<div class=\"wp-block-file\"><a id=\"wp-block-file--media-19e5191e-8690-45df-91fe-21b4babe3067\" href=\"http:\/\/www.autisti.sk\/lienka\/wp-content\/uploads\/2021\/11\/Prilohy-k-VS-final-version.pdf\">Pr\u00edlohy k VS<\/a><a href=\"http:\/\/www.autisti.sk\/lienka\/wp-content\/uploads\/2021\/11\/Prilohy-k-VS-final-version.pdf\" class=\"wp-block-file__button\" download aria-describedby=\"wp-block-file--media-19e5191e-8690-45df-91fe-21b4babe3067\">Stiahnu\u0165<\/a><\/div>\n\n\n\n<div class=\"wp-block-file\"><a id=\"wp-block-file--media-74ed362a-87be-47c1-bb97-27cf662ad62c\" href=\"http:\/\/www.autisti.sk\/lienka\/wp-content\/uploads\/2021\/03\/UZNO-2019-KRAD.pdf\">\u00da\u010dtovn\u00e1 z\u00e1vierka 2019\/1<\/a><a href=\"http:\/\/www.autisti.sk\/lienka\/wp-content\/uploads\/2021\/03\/UZNO-2019-KRAD.pdf\" class=\"wp-block-file__button\" download aria-describedby=\"wp-block-file--media-74ed362a-87be-47c1-bb97-27cf662ad62c\">Stiahnu\u0165<\/a><\/div>\n\n\n\n<div class=\"wp-block-file\"><a id=\"wp-block-file--media-5dace85b-2a7b-41eb-9731-38fd5d31ede3\" href=\"http:\/\/www.autisti.sk\/lienka\/wp-content\/uploads\/2021\/03\/Uc-NO1-01.pdf\">\u00da\u010dtovn\u00e1 z\u00e1vierka 2019\/2<\/a><a href=\"http:\/\/www.autisti.sk\/lienka\/wp-content\/uploads\/2021\/03\/Uc-NO1-01.pdf\" class=\"wp-block-file__button\" download aria-describedby=\"wp-block-file--media-5dace85b-2a7b-41eb-9731-38fd5d31ede3\">Stiahnu\u0165<\/a><\/div>\n\n\n\n<div class=\"wp-block-file\"><a id=\"wp-block-file--media-dcbbd54c-b69c-4687-99f5-b3f90128caa0\" href=\"http:\/\/www.autisti.sk\/lienka\/wp-content\/uploads\/2021\/03\/Uc-NO2-01.pdf\">\u00da\u010dtovn\u00e1 z\u00e1vierka 2019\/3<\/a><a href=\"http:\/\/www.autisti.sk\/lienka\/wp-content\/uploads\/2021\/03\/Uc-NO2-01.pdf\" class=\"wp-block-file__button\" download aria-describedby=\"wp-block-file--media-dcbbd54c-b69c-4687-99f5-b3f90128caa0\">Stiahnu\u0165<\/a><\/div>\n\n\n\n<div class=\"wp-block-file\"><a id=\"wp-block-file--media-b0bddcb6-bac6-43d8-90c4-206fc4569dfd\" href=\"http:\/\/www.autisti.sk\/lienka\/wp-content\/uploads\/2021\/11\/Vyrok-auditora-final-v.pdf\">V\u00fdrok aud\u00edtora<\/a><a href=\"http:\/\/www.autisti.sk\/lienka\/wp-content\/uploads\/2021\/11\/Vyrok-auditora-final-v.pdf\" class=\"wp-block-file__button\" download aria-describedby=\"wp-block-file--media-b0bddcb6-bac6-43d8-90c4-206fc4569dfd\">Stiahnu\u0165<\/a><\/div>\n\n\n\n<div class=\"wp-block-file\"><a id=\"wp-block-file--media-462bdb64-c2c1-4194-a1d2-f04afdb7a670\" href=\"http:\/\/www.autisti.sk\/lienka\/wp-content\/uploads\/2021\/11\/Ekonomicky-opravnene-naklady-na-1-mesiac-a-1-klienta-final-version.pdf\">Ekonomicky opr\u00e1vnen\u00e9 n\u00e1klady na 1 mesiac a 1 klienta<\/a><a href=\"http:\/\/www.autisti.sk\/lienka\/wp-content\/uploads\/2021\/11\/Ekonomicky-opravnene-naklady-na-1-mesiac-a-1-klienta-final-version.pdf\" class=\"wp-block-file__button\" download aria-describedby=\"wp-block-file--media-462bdb64-c2c1-4194-a1d2-f04afdb7a670\">Stiahnu\u0165<\/a><\/div>\n\n\n\n<p><\/p>\n","protected":false},"excerpt":{"rendered":"<p>V\u00fdro\u010dn\u00e1 spr\u00e1va a \u00fa\u010dtovn\u00e1 z\u00e1vierka za rok 2024 V\u00fdro\u010dn\u00e1 spr\u00e1va a \u00fa\u010dtovn\u00e1 z\u00e1vierka za rok 2023 V\u00fdrok aud\u00edtora a \u00fa\u010dtovn\u00e1 z\u00e1vierka 2023 V\u00fdro\u010dn\u00e1 spr\u00e1va za rok 2023 Ekonomicky opr\u00e1vnen\u00e9 n\u00e1klady na 1 mesiac a 1 klienta (2023) V\u00fdro\u010dn\u00e1 spr\u00e1va a \u00fa\u010dtovn\u00e1 z\u00e1vierka za rok 2022 V\u00fdro\u010dn\u00e1 spr\u00e1va a \u00fa\u010dtovn\u00e1 z\u00e1vierka za rok 2021 V\u00fdro\u010dn\u00e1 spr\u00e1va a \u00fa\u010dtovn\u00e1 z\u00e1vierka za rok 2020 V\u00fdro\u010dn\u00e1 spr\u00e1va a \u00fa\u010dtovn\u00e1 z\u00e1vierka za rok 2019<\/p>\n","protected":false},"author":2,"featured_media":0,"parent":0,"menu_order":0,"comment_status":"closed","ping_status":"closed","template":"","meta":{"ngg_post_thumbnail":0},"_links":{"self":[{"href":"http:\/\/www.autisti.sk\/lienka\/wp-json\/wp\/v2\/pages\/63"}],"collection":[{"href":"http:\/\/www.autisti.sk\/lienka\/wp-json\/wp\/v2\/pages"}],"about":[{"href":"http:\/\/www.autisti.sk\/lienka\/wp-json\/wp\/v2\/types\/page"}],"author":[{"embeddable":true,"href":"http:\/\/www.autisti.sk\/lienka\/wp-json\/wp\/v2\/users\/2"}],"replies":[{"embeddable":true,"href":"http:\/\/www.autisti.sk\/lienka\/wp-json\/wp\/v2\/comments?post=63"}],"version-history":[{"count":30,"href":"http:\/\/www.autisti.sk\/lienka\/wp-json\/wp\/v2\/pages\/63\/revisions"}],"predecessor-version":[{"id":1126,"href":"http:\/\/www.autisti.sk\/lienka\/wp-json\/wp\/v2\/pages\/63\/revisions\/1126"}],"wp:attachment":[{"href":"http:\/\/www.autisti.sk\/lienka\/wp-json\/wp\/v2\/media?parent=63"}],"curies":[{"name":"wp","href":"https:\/\/api.w.org\/{rel}","templated":true}]}}