{"id":555,"date":"2022-04-22T15:19:54","date_gmt":"2022-04-22T13:19:54","guid":{"rendered":"http:\/\/www.autisti.sk\/lienka\/?page_id=555"},"modified":"2023-07-19T16:22:52","modified_gmt":"2023-07-19T14:22:52","slug":"prijate-dary-v-roku-2021","status":"publish","type":"page","link":"http:\/\/www.autisti.sk\/lienka\/prijate-dary-v-roku-2021\/","title":{"rendered":"Prijat\u00e9 dary v roku 2021"},"content":{"rendered":"\n<h4><strong>Klub rodi\u010dov autistick\u00fdch det\u00ed v&nbsp;roku 2021 prijal:<\/strong><\/h4>\n\n\n\n<ul><li><strong>na z\u00e1klade darovac\u00edch zml\u00fav finan\u010dn\u00e9 dary<\/strong><\/li><\/ul>\n\n\n\n<figure class=\"wp-block-table\"><table><tbody><tr><td><strong>p.\u010d.<\/strong><\/td><td><strong>\u010d\u00edslo DZ<\/strong><\/td><td><strong>darca<\/strong><\/td><td><strong>predmet darovania<\/strong><\/td><td><strong>hodnota daru \u20ac<\/strong><\/td><\/tr><tr><td>1.<\/td><td>089\/DZ\/2021<\/td><td>Eleon\u0155a Seifertov\u00e1<\/td><td>finan\u010dn\u00fd dar<\/td><td>95,70<\/td><\/tr><tr><td>2.<\/td><td>087\/DZ2021<\/td><td>Ing. Jana Bakytov\u00e1<\/td><td>finan\u010dn\u00fd dar<\/td><td>91,90<\/td><\/tr><tr><td>3.<\/td><td>086\/DZ\/2021<\/td><td>M\u00e1ria Voro\u0161ov\u00e1<\/td><td>finan\u010dn\u00fd dar<\/td><td>63,46<\/td><\/tr><tr><td>4.<\/td><td>073\/DZ\/2021<\/td><td>MUDr. \u013dubom\u00edr Kov\u00e1\u010d<\/td><td>finan\u010dn\u00fd dar<\/td><td>200,00<\/td><\/tr><tr><td>5.<\/td><td>071\/DZ\/2021<\/td><td>FIRSTIN, s. r. o.<\/td><td>finan\u010dn\u00fd dar<\/td><td>300,00<\/td><\/tr><tr><td>6.<\/td><td>070\/DZ\/2021<\/td><td>VERKO, s. r. o.<\/td><td>finan\u010dn\u00fd dar<\/td><td>500,00<\/td><\/tr><tr><td>7.<\/td><td>075\/DZ2021<\/td><td>Nitra Y\u00b4s Men\u00b4Club, charter<\/td><td>finan\u010dn\u00fd dar<\/td><td>300,00<\/td><\/tr><tr><td><strong>&nbsp;<\/strong><\/td><td><strong>spolu<\/strong><\/td><td><strong>&nbsp;<\/strong><\/td><td><strong>&nbsp;<\/strong><\/td><td><strong>1&nbsp;551,06<\/strong><\/td><\/tr><\/tbody><\/table><\/figure>\n\n\n\n<ul><li> <strong>2 % zaplatenej dane za rok 2020 &#8211; \u010diastku 19&nbsp;666,52 \u20ac &nbsp;prip\u00edsan\u00fa na \u00fa\u010det \u00fa\u010det klubu v&nbsp;roku &nbsp;2021 &#8211; tieto prostriedky bud\u00fa \u010derpan\u00e9 v roku 2022, podrobn\u00e9 \u010derpanie bude uveden\u00e9 vo v\u00fdro\u010dnej spr\u00e1ve ob\u010dianskeho zdru\u017eenia za rok 2022.<\/strong><\/li><\/ul>\n\n\n\n<div style=\"height:42px\" aria-hidden=\"true\" class=\"wp-block-spacer\"><\/div>\n\n\n\n<p><em>V\u00a0Nitre d\u0148a 31.12.2021<\/em><\/p>\n\n\n\n<p><em>Vlasta Klbikov\u00e1, mana\u017e\u00e9rka prev\u00e1dzky zariadenia<\/em><\/p>\n","protected":false},"excerpt":{"rendered":"<p>Klub rodi\u010dov autistick\u00fdch det\u00ed v&nbsp;roku 2021 prijal: na z\u00e1klade darovac\u00edch zml\u00fav finan\u010dn\u00e9 dary p.\u010d. \u010d\u00edslo DZ darca predmet darovania hodnota daru \u20ac 1. 089\/DZ\/2021 Eleon\u0155a Seifertov\u00e1 finan\u010dn\u00fd dar 95,70 2. 087\/DZ2021 Ing. Jana Bakytov\u00e1 finan\u010dn\u00fd dar 91,90 3. 086\/DZ\/2021 M\u00e1ria Voro\u0161ov\u00e1 finan\u010dn\u00fd dar 63,46 4. 073\/DZ\/2021 MUDr. \u013dubom\u00edr Kov\u00e1\u010d finan\u010dn\u00fd dar 200,00 5. 071\/DZ\/2021 FIRSTIN, s. r. o. finan\u010dn\u00fd dar 300,00 6. 070\/DZ\/2021 VERKO, s. r. o. finan\u010dn\u00fd dar 500,00 7. 075\/DZ2021 Nitra Y\u00b4s Men\u00b4Club, charter finan\u010dn\u00fd dar 300,00 &nbsp; spolu &nbsp; &nbsp; 1&nbsp;551,06 2 % zaplatenej dane za rok 2020 &#8211; \u010diastku 19&nbsp;666,52 \u20ac &nbsp;prip\u00edsan\u00fa na \u00fa\u010det \u00fa\u010det klubu &hellip; <\/p>\n","protected":false},"author":2,"featured_media":0,"parent":0,"menu_order":0,"comment_status":"closed","ping_status":"closed","template":"","meta":{"ngg_post_thumbnail":0},"_links":{"self":[{"href":"http:\/\/www.autisti.sk\/lienka\/wp-json\/wp\/v2\/pages\/555"}],"collection":[{"href":"http:\/\/www.autisti.sk\/lienka\/wp-json\/wp\/v2\/pages"}],"about":[{"href":"http:\/\/www.autisti.sk\/lienka\/wp-json\/wp\/v2\/types\/page"}],"author":[{"embeddable":true,"href":"http:\/\/www.autisti.sk\/lienka\/wp-json\/wp\/v2\/users\/2"}],"replies":[{"embeddable":true,"href":"http:\/\/www.autisti.sk\/lienka\/wp-json\/wp\/v2\/comments?post=555"}],"version-history":[{"count":4,"href":"http:\/\/www.autisti.sk\/lienka\/wp-json\/wp\/v2\/pages\/555\/revisions"}],"predecessor-version":[{"id":913,"href":"http:\/\/www.autisti.sk\/lienka\/wp-json\/wp\/v2\/pages\/555\/revisions\/913"}],"wp:attachment":[{"href":"http:\/\/www.autisti.sk\/lienka\/wp-json\/wp\/v2\/media?parent=555"}],"curies":[{"name":"wp","href":"https:\/\/api.w.org\/{rel}","templated":true}]}}