{"id":523,"date":"2022-03-18T11:22:30","date_gmt":"2022-03-18T10:22:30","guid":{"rendered":"http:\/\/www.autisti.sk\/lienka\/?page_id=523"},"modified":"2026-02-24T15:11:19","modified_gmt":"2026-02-24T14:11:19","slug":"poradovnik-ziadatelov-o-socialnu-sluzbu","status":"publish","type":"page","link":"http:\/\/www.autisti.sk\/lienka\/poradovnik-ziadatelov-o-socialnu-sluzbu\/","title":{"rendered":"Poradovn\u00edk \u017eiadate\u013eov o soci\u00e1lnu slu\u017ebu"},"content":{"rendered":"\n<figure class=\"wp-block-table\" style=\"font-size:15px\"><table><tbody><tr><td><strong>Poradie<\/strong><\/td><td><strong>\u010c\u00edslo rozhodnutia<\/strong>    <\/td><td><strong>D\u00e1tum podania \u017eiadosti<\/strong><\/td><td><strong>Pl\u00e1novan\u00fd d\u00e1tum za\u010datia poskytovania soci\u00e1lnej slu\u017eby<\/strong><\/td><td><strong>\u010c\u00edslo \u017eiadosti<\/strong><\/td><\/tr><tr><td>1.<\/td><td>CS 11753\/2024<\/td><td>22.1.2025<\/td><td>1.7.2026<\/td><td>2\/2025<\/td><\/tr><tr><td>2.<\/td><td>CS 7327\/2020<\/td><td>6.2.2025<\/td><td>1.3.2025<\/td><td>3\/2025<\/td><\/tr><tr><td>3.<\/td><td>TSK\/2024\/09796-3<\/td><td>25.7.2025<\/td><td>1.8.2025<\/td><td>5\/2025<\/td><\/tr><tr><td>4.<\/td><td>CS 7712\/2023<\/td><td>22.10.2025<\/td><td>22.10.2025<\/td><td>6\/2025<\/td><\/tr><\/tbody><\/table><\/figure>\n","protected":false},"excerpt":{"rendered":"<p>Poradie \u010c\u00edslo rozhodnutia D\u00e1tum podania \u017eiadosti Pl\u00e1novan\u00fd d\u00e1tum za\u010datia poskytovania soci\u00e1lnej slu\u017eby \u010c\u00edslo \u017eiadosti 1. CS 11753\/2024 22.1.2025 1.7.2026 2\/2025 2. CS 7327\/2020 6.2.2025 1.3.2025 3\/2025 3. TSK\/2024\/09796-3 25.7.2025 1.8.2025 5\/2025 4. CS 7712\/2023 22.10.2025 22.10.2025 6\/2025<\/p>\n","protected":false},"author":2,"featured_media":0,"parent":0,"menu_order":0,"comment_status":"closed","ping_status":"closed","template":"","meta":{"ngg_post_thumbnail":0},"_links":{"self":[{"href":"http:\/\/www.autisti.sk\/lienka\/wp-json\/wp\/v2\/pages\/523"}],"collection":[{"href":"http:\/\/www.autisti.sk\/lienka\/wp-json\/wp\/v2\/pages"}],"about":[{"href":"http:\/\/www.autisti.sk\/lienka\/wp-json\/wp\/v2\/types\/page"}],"author":[{"embeddable":true,"href":"http:\/\/www.autisti.sk\/lienka\/wp-json\/wp\/v2\/users\/2"}],"replies":[{"embeddable":true,"href":"http:\/\/www.autisti.sk\/lienka\/wp-json\/wp\/v2\/comments?post=523"}],"version-history":[{"count":15,"href":"http:\/\/www.autisti.sk\/lienka\/wp-json\/wp\/v2\/pages\/523\/revisions"}],"predecessor-version":[{"id":1184,"href":"http:\/\/www.autisti.sk\/lienka\/wp-json\/wp\/v2\/pages\/523\/revisions\/1184"}],"wp:attachment":[{"href":"http:\/\/www.autisti.sk\/lienka\/wp-json\/wp\/v2\/media?parent=523"}],"curies":[{"name":"wp","href":"https:\/\/api.w.org\/{rel}","templated":true}]}}