{"id":421,"date":"2021-12-18T08:53:00","date_gmt":"2021-12-18T07:53:00","guid":{"rendered":"http:\/\/www.autisti.sk\/lienka\/?page_id=421"},"modified":"2025-08-02T07:28:06","modified_gmt":"2025-08-02T05:28:06","slug":"zmluvy-lienka-klient","status":"publish","type":"page","link":"http:\/\/www.autisti.sk\/lienka\/zmluvy-lienka-klient\/","title":{"rendered":"Zmluvy LIENKA &#8211; klient"},"content":{"rendered":"\n<div class=\"wp-block-file\"><a id=\"wp-block-file--media-2d0475a5-089c-43bd-882b-70d7ae5e935c\" href=\"http:\/\/www.autisti.sk\/lienka\/wp-content\/uploads\/2022\/03\/zmluva-c1-final.pdf\" target=\"_blank\" rel=\"noreferrer noopener\">Zmluva \u010d. 1<\/a><a href=\"http:\/\/www.autisti.sk\/lienka\/wp-content\/uploads\/2022\/03\/zmluva-c1-final.pdf\" class=\"wp-block-file__button\" download aria-describedby=\"wp-block-file--media-2d0475a5-089c-43bd-882b-70d7ae5e935c\">Stiahnu\u0165<\/a><\/div>\n\n\n\n<p class=\"has-small-font-size\"><em>(poskytovanie soci\u00e1lnej slu\u017eby na z\u00e1klade Zmluvy \u010d. 1 bolo ukon\u010den\u00e9 d\u0148a 30.5.2022 z d\u00f4vodu n\u00e1stupu klienta na pobytov\u00fa formu soci\u00e1lnej slu\u017eby)<\/em><\/p>\n\n\n\n<div class=\"wp-block-file\"><a id=\"wp-block-file--media-26092d97-3166-46a9-a04a-38716c855bf3\" href=\"http:\/\/www.autisti.sk\/lienka\/wp-content\/uploads\/2023\/07\/Zmluva2.pdf\" target=\"_blank\" rel=\"noreferrer noopener\">Zmluva \u010d. 2<\/a><a href=\"http:\/\/www.autisti.sk\/lienka\/wp-content\/uploads\/2023\/07\/Zmluva2.pdf\" class=\"wp-block-file__button\" download aria-describedby=\"wp-block-file--media-26092d97-3166-46a9-a04a-38716c855bf3\">Stiahnu\u0165<\/a><\/div>\n\n\n\n<div class=\"wp-block-file\"><a id=\"wp-block-file--media-be5bb6a5-48d9-4e7a-a15f-fcb1a286af37\" href=\"http:\/\/www.autisti.sk\/lienka\/wp-content\/uploads\/2023\/07\/zmluva3.pdf\" target=\"_blank\" rel=\"noreferrer noopener\">Zmluva \u010d. 3<\/a><a href=\"http:\/\/www.autisti.sk\/lienka\/wp-content\/uploads\/2023\/07\/zmluva3.pdf\" class=\"wp-block-file__button\" download aria-describedby=\"wp-block-file--media-be5bb6a5-48d9-4e7a-a15f-fcb1a286af37\">Stiahnu\u0165<\/a><\/div>\n\n\n\n<div class=\"wp-block-file\"><a id=\"wp-block-file--media-7187b644-c297-4b17-9dc2-3c49fbfcf43c\" href=\"http:\/\/www.autisti.sk\/lienka\/wp-content\/uploads\/2023\/07\/Zmluva4.pdf\" target=\"_blank\" rel=\"noreferrer noopener\">Zmluva \u010d. 4<\/a><a href=\"http:\/\/www.autisti.sk\/lienka\/wp-content\/uploads\/2023\/07\/Zmluva4.pdf\" class=\"wp-block-file__button\" download aria-describedby=\"wp-block-file--media-7187b644-c297-4b17-9dc2-3c49fbfcf43c\">Stiahnu\u0165<\/a><\/div>\n\n\n\n<div class=\"wp-block-file\"><a id=\"wp-block-file--media-e75f2792-ebb6-41e0-9fe0-bf9d33de90df\" href=\"http:\/\/www.autisti.sk\/lienka\/wp-content\/uploads\/2023\/07\/Zmluva5.pdf\" target=\"_blank\" rel=\"noreferrer noopener\">Zmluva \u010d. 5<\/a><a href=\"http:\/\/www.autisti.sk\/lienka\/wp-content\/uploads\/2023\/07\/Zmluva5.pdf\" class=\"wp-block-file__button\" download aria-describedby=\"wp-block-file--media-e75f2792-ebb6-41e0-9fe0-bf9d33de90df\">Stiahnu\u0165<\/a><\/div>\n\n\n\n<div class=\"wp-block-file\"><a id=\"wp-block-file--media-73ea4fd5-dd4a-4350-b17f-1e415d03d5dc\" href=\"http:\/\/www.autisti.sk\/lienka\/wp-content\/uploads\/2023\/07\/zmluva6.pdf\" target=\"_blank\" rel=\"noreferrer noopener\">Zmluva \u010d. 6<\/a><a href=\"http:\/\/www.autisti.sk\/lienka\/wp-content\/uploads\/2023\/07\/zmluva6.pdf\" class=\"wp-block-file__button\" download aria-describedby=\"wp-block-file--media-73ea4fd5-dd4a-4350-b17f-1e415d03d5dc\">Stiahnu\u0165<\/a><\/div>\n\n\n\n<div class=\"wp-block-file\"><a id=\"wp-block-file--media-1f986f30-25c0-4479-a96e-6b9b5263ea10\" href=\"http:\/\/www.autisti.sk\/lienka\/wp-content\/uploads\/2023\/07\/Zmluva-c-7-_merged_compressed.pdf\">Zmluva \u010d. 7<\/a><a href=\"http:\/\/www.autisti.sk\/lienka\/wp-content\/uploads\/2023\/07\/Zmluva-c-7-_merged_compressed.pdf\" class=\"wp-block-file__button\" download aria-describedby=\"wp-block-file--media-1f986f30-25c0-4479-a96e-6b9b5263ea10\">Stiahnu\u0165<\/a><\/div>\n\n\n\n<p class=\"has-small-font-size\"><em>(poskytovanie soci\u00e1lnej slu\u017eby na z\u00e1klade Zmluvy \u010d. 7 bolo ukon\u010den\u00e9 d\u0148a 26.2.2023 z d\u00f4vodu n\u00e1stupu klienta na pobytov\u00fa formu soci\u00e1lnej slu\u017eby)<\/em><\/p>\n\n\n\n<div class=\"wp-block-file\"><a id=\"wp-block-file--media-20eb2e2c-670b-483e-b5dd-4dd174f71208\" href=\"http:\/\/www.autisti.sk\/lienka\/wp-content\/uploads\/2023\/07\/zmluva8_compressed.pdf\">Zmluva \u010d. 8<\/a><a href=\"http:\/\/www.autisti.sk\/lienka\/wp-content\/uploads\/2023\/07\/zmluva8_compressed.pdf\" class=\"wp-block-file__button\" download aria-describedby=\"wp-block-file--media-20eb2e2c-670b-483e-b5dd-4dd174f71208\">Stiahnu\u0165<\/a><\/div>\n\n\n\n<div class=\"wp-block-file\"><a id=\"wp-block-file--media-334de91d-7503-4697-9d7f-9365981fecf9\" href=\"http:\/\/www.autisti.sk\/lienka\/wp-content\/uploads\/2023\/07\/zmluva-c2023.pdf\">Zmluvu \u010d. 1\/2023<\/a><a href=\"http:\/\/www.autisti.sk\/lienka\/wp-content\/uploads\/2023\/07\/zmluva-c2023.pdf\" class=\"wp-block-file__button\" download aria-describedby=\"wp-block-file--media-334de91d-7503-4697-9d7f-9365981fecf9\">Stiahnu\u0165<\/a><\/div>\n\n\n\n<div class=\"wp-block-file\"><a id=\"wp-block-file--media-a4b90c78-ab00-4796-b0e1-4d2f014a450f\" href=\"http:\/\/www.autisti.sk\/lienka\/wp-content\/uploads\/2025\/08\/Zmluva-7-2025_compressed.pdf\">Zmluva \u010d. 7\/2025<\/a><a href=\"http:\/\/www.autisti.sk\/lienka\/wp-content\/uploads\/2025\/08\/Zmluva-7-2025_compressed.pdf\" class=\"wp-block-file__button\" download aria-describedby=\"wp-block-file--media-a4b90c78-ab00-4796-b0e1-4d2f014a450f\">Stiahnu\u0165<\/a><\/div>\n","protected":false},"excerpt":{"rendered":"<p>(poskytovanie soci\u00e1lnej slu\u017eby na z\u00e1klade Zmluvy \u010d. 1 bolo ukon\u010den\u00e9 d\u0148a 30.5.2022 z d\u00f4vodu n\u00e1stupu klienta na pobytov\u00fa formu soci\u00e1lnej slu\u017eby) (poskytovanie soci\u00e1lnej slu\u017eby na z\u00e1klade Zmluvy \u010d. 7 bolo ukon\u010den\u00e9 d\u0148a 26.2.2023 z d\u00f4vodu n\u00e1stupu klienta na pobytov\u00fa formu soci\u00e1lnej slu\u017eby)<\/p>\n","protected":false},"author":2,"featured_media":0,"parent":0,"menu_order":0,"comment_status":"closed","ping_status":"closed","template":"","meta":{"ngg_post_thumbnail":0},"_links":{"self":[{"href":"http:\/\/www.autisti.sk\/lienka\/wp-json\/wp\/v2\/pages\/421"}],"collection":[{"href":"http:\/\/www.autisti.sk\/lienka\/wp-json\/wp\/v2\/pages"}],"about":[{"href":"http:\/\/www.autisti.sk\/lienka\/wp-json\/wp\/v2\/types\/page"}],"author":[{"embeddable":true,"href":"http:\/\/www.autisti.sk\/lienka\/wp-json\/wp\/v2\/users\/2"}],"replies":[{"embeddable":true,"href":"http:\/\/www.autisti.sk\/lienka\/wp-json\/wp\/v2\/comments?post=421"}],"version-history":[{"count":27,"href":"http:\/\/www.autisti.sk\/lienka\/wp-json\/wp\/v2\/pages\/421\/revisions"}],"predecessor-version":[{"id":1137,"href":"http:\/\/www.autisti.sk\/lienka\/wp-json\/wp\/v2\/pages\/421\/revisions\/1137"}],"wp:attachment":[{"href":"http:\/\/www.autisti.sk\/lienka\/wp-json\/wp\/v2\/media?parent=421"}],"curies":[{"name":"wp","href":"https:\/\/api.w.org\/{rel}","templated":true}]}}