{"id":398,"date":"2021-11-25T17:33:54","date_gmt":"2021-11-25T16:33:54","guid":{"rendered":"http:\/\/www.autisti.sk\/lienka\/?page_id=398"},"modified":"2024-05-14T13:16:47","modified_gmt":"2024-05-14T11:16:47","slug":"priemerne-uhrady-klientov","status":"publish","type":"page","link":"http:\/\/www.autisti.sk\/lienka\/priemerne-uhrady-klientov\/","title":{"rendered":"Priemern\u00e9 \u00fahrady klientov"},"content":{"rendered":"\n<p>Priemern\u00e9 pr\u00edjmy od klientov z \u00fahrady za poskytovanie soci\u00e1lnej slu\u017eby v ZSS LIENKA boli v roku 2023 <strong>19,55\u00a0\u20ac<\/strong>\u00a0na 1 klienta a 1 mesiac.<\/p>\n\n\n\n<p>Priemern\u00e9 pr\u00edjmy od klientov z \u00fahrady za poskytovanie soci\u00e1lnej slu\u017eby v ZSS LIENKA boli v roku 2022 <strong>18,67 \u20ac<\/strong> na 1 klienta a 1 mesiac<\/p>\n\n\n\n<p>Priemern\u00e9 pr\u00edjmy od klientov z \u00fahrady za poskytovanie soci\u00e1lnej slu\u017eby v ZSS LIENKA boli v roku 2021 <strong>14,76 \u20ac<\/strong> na 1 klienta a 1 mesiac<\/p>\n\n\n\n<p>Priemern\u00e9 pr\u00edjmy od klientov z \u00fahrady za poskytovanie soci\u00e1lnej slu\u017eby v ZSS LIENKA boli v roku 2020 <strong>15,21 \u20ac<\/strong> na 1 klienta a 1 mesiac<\/p>\n\n\n\n<p>Priemern\u00e9 pr\u00edjmy od klientov z \u00fahrady za poskytovanie soci\u00e1lnej slu\u017eby v ZSS LIENKA boli v roku 2019 <strong>23,00 \u20ac<\/strong> na 1 klienta a 1 mesiac<\/p>\n","protected":false},"excerpt":{"rendered":"<p>Priemern\u00e9 pr\u00edjmy od klientov z \u00fahrady za poskytovanie soci\u00e1lnej slu\u017eby v ZSS LIENKA boli v roku 2023 19,55\u00a0\u20ac\u00a0na 1 klienta a 1 mesiac. Priemern\u00e9 pr\u00edjmy od klientov z \u00fahrady za poskytovanie soci\u00e1lnej slu\u017eby v ZSS LIENKA boli v roku 2022 18,67 \u20ac na 1 klienta a 1 mesiac Priemern\u00e9 pr\u00edjmy od klientov z \u00fahrady za poskytovanie soci\u00e1lnej slu\u017eby v ZSS LIENKA boli v roku 2021 14,76 \u20ac na 1 klienta a 1 mesiac Priemern\u00e9 pr\u00edjmy od klientov z \u00fahrady za poskytovanie soci\u00e1lnej slu\u017eby v ZSS LIENKA boli v roku 2020 15,21 \u20ac na 1 klienta a 1 mesiac Priemern\u00e9 pr\u00edjmy &hellip; <\/p>\n","protected":false},"author":2,"featured_media":0,"parent":0,"menu_order":0,"comment_status":"closed","ping_status":"closed","template":"","meta":{"ngg_post_thumbnail":0},"_links":{"self":[{"href":"http:\/\/www.autisti.sk\/lienka\/wp-json\/wp\/v2\/pages\/398"}],"collection":[{"href":"http:\/\/www.autisti.sk\/lienka\/wp-json\/wp\/v2\/pages"}],"about":[{"href":"http:\/\/www.autisti.sk\/lienka\/wp-json\/wp\/v2\/types\/page"}],"author":[{"embeddable":true,"href":"http:\/\/www.autisti.sk\/lienka\/wp-json\/wp\/v2\/users\/2"}],"replies":[{"embeddable":true,"href":"http:\/\/www.autisti.sk\/lienka\/wp-json\/wp\/v2\/comments?post=398"}],"version-history":[{"count":9,"href":"http:\/\/www.autisti.sk\/lienka\/wp-json\/wp\/v2\/pages\/398\/revisions"}],"predecessor-version":[{"id":1022,"href":"http:\/\/www.autisti.sk\/lienka\/wp-json\/wp\/v2\/pages\/398\/revisions\/1022"}],"wp:attachment":[{"href":"http:\/\/www.autisti.sk\/lienka\/wp-json\/wp\/v2\/media?parent=398"}],"curies":[{"name":"wp","href":"https:\/\/api.w.org\/{rel}","templated":true}]}}