{"id":369,"date":"2021-11-12T14:37:27","date_gmt":"2021-11-12T13:37:27","guid":{"rendered":"http:\/\/www.autisti.sk\/lienka\/?page_id=369"},"modified":"2024-03-11T20:37:32","modified_gmt":"2024-03-11T19:37:32","slug":"neformalne-partnerske-vztahy","status":"publish","type":"page","link":"http:\/\/www.autisti.sk\/lienka\/neformalne-partnerske-vztahy\/","title":{"rendered":"Neform\u00e1lne partnersk\u00e9 vz\u0165ahy"},"content":{"rendered":"\n<p><strong><em>Na\u0161imi partnermi s\u00fa:<\/em><\/strong><\/p>\n\n\n\n<div class=\"wp-block-media-text alignwide is-stacked-on-mobile\" style=\"grid-template-columns:15% auto\"><figure class=\"wp-block-media-text__media\"><img loading=\"lazy\" width=\"101\" height=\"92\" src=\"http:\/\/www.autisti.sk\/lienka\/wp-content\/uploads\/2022\/10\/garmondLogo-1.png\" alt=\"\" class=\"wp-image-625 size-full\" srcset=\"http:\/\/www.autisti.sk\/lienka\/wp-content\/uploads\/2022\/10\/garmondLogo-1.png 101w, http:\/\/www.autisti.sk\/lienka\/wp-content\/uploads\/2022\/10\/garmondLogo-1-66x60.png 66w\" sizes=\"(max-width: 101px) 100vw, 101px\" \/><\/figure><div class=\"wp-block-media-text__content\">\n<p><strong>Tla\u010diare\u0148 a&nbsp;kn\u00edhviaza\u010dstvo GARMONDNITRA.sk<\/strong> \u2013 je na\u0161im partnerom na pomoc propag\u00e1cie a&nbsp;zvidite\u013e\u0148ovania n\u00e1\u0161ho ob\u010dianskeho zdru\u017eenia a&nbsp;n\u00e1\u0161ho \u0161pecializovan\u00e9ho zariadenia pre osoby s&nbsp;PAS.<\/p>\n<\/div><\/div>\n\n\n\n<div style=\"height:30px\" aria-hidden=\"true\" class=\"wp-block-spacer\"><\/div>\n\n\n\n<div class=\"wp-block-media-text alignwide is-stacked-on-mobile\" style=\"grid-template-columns:15% auto\"><figure class=\"wp-block-media-text__media\"><img loading=\"lazy\" width=\"100\" height=\"117\" src=\"http:\/\/www.autisti.sk\/lienka\/wp-content\/uploads\/2022\/10\/logoMS.png\" alt=\"\" class=\"wp-image-626 size-full\" srcset=\"http:\/\/www.autisti.sk\/lienka\/wp-content\/uploads\/2022\/10\/logoMS.png 100w, http:\/\/www.autisti.sk\/lienka\/wp-content\/uploads\/2022\/10\/logoMS-51x60.png 51w\" sizes=\"(max-width: 100px) 100vw, 100px\" \/><\/figure><div class=\"wp-block-media-text__content\">\n<p><strong>Dom Matice slovenskej v&nbsp;Nitre<\/strong> &#8211; je na\u0161im partnerom na pomoc propag\u00e1cie a&nbsp;zvidite\u013e\u0148ovania n\u00e1\u0161ho ob\u010dianskeho zdru\u017eenia a&nbsp;n\u00e1\u0161ho \u0161pecializovan\u00e9ho zariadenia pre osoby s&nbsp;PAS.<\/p>\n<\/div><\/div>\n\n\n\n<div style=\"height:30px\" aria-hidden=\"true\" class=\"wp-block-spacer\"><\/div>\n\n\n\n<div class=\"wp-block-media-text alignwide is-stacked-on-mobile\" style=\"grid-template-columns:15% auto\"><figure class=\"wp-block-media-text__media\"><img loading=\"lazy\" width=\"192\" height=\"256\" src=\"http:\/\/www.autisti.sk\/lienka\/wp-content\/uploads\/2022\/10\/novedivadloLogo.png\" alt=\"\" class=\"wp-image-627 size-full\" srcset=\"http:\/\/www.autisti.sk\/lienka\/wp-content\/uploads\/2022\/10\/novedivadloLogo.png 192w, http:\/\/www.autisti.sk\/lienka\/wp-content\/uploads\/2022\/10\/novedivadloLogo-45x60.png 45w\" sizes=\"(max-width: 192px) 100vw, 192px\" \/><\/figure><div class=\"wp-block-media-text__content\">\n<p><strong>Nov\u00e9 divadlo<\/strong> \u2013 je partnerom, ktor\u00fd pom\u00e1ha na\u0161im klientom za\u010dle\u0148ova\u0165 sa do komunity mesta a rozv\u00edja\u0165 soci\u00e1lne vz\u0165ahy, klienti m\u00f4\u017eu nav\u0161tevova\u0165 divadeln\u00e9 predstavenia a&nbsp;pom\u00e1ha\u0165 v&nbsp;divadle ako dobrovo\u013en\u00edci.<\/p>\n<\/div><\/div>\n\n\n\n<div style=\"height:30px\" aria-hidden=\"true\" class=\"wp-block-spacer\"><\/div>\n\n\n\n<div class=\"wp-block-media-text alignwide is-stacked-on-mobile\" style=\"grid-template-columns:15% auto\"><figure class=\"wp-block-media-text__media\"><img loading=\"lazy\" width=\"400\" height=\"400\" src=\"http:\/\/www.autisti.sk\/lienka\/wp-content\/uploads\/2022\/10\/logo-web.png\" alt=\"\" class=\"wp-image-628 size-full\" srcset=\"http:\/\/www.autisti.sk\/lienka\/wp-content\/uploads\/2022\/10\/logo-web.png 400w, http:\/\/www.autisti.sk\/lienka\/wp-content\/uploads\/2022\/10\/logo-web-300x300.png 300w, http:\/\/www.autisti.sk\/lienka\/wp-content\/uploads\/2022\/10\/logo-web-150x150.png 150w, http:\/\/www.autisti.sk\/lienka\/wp-content\/uploads\/2022\/10\/logo-web-370x370.png 370w, http:\/\/www.autisti.sk\/lienka\/wp-content\/uploads\/2022\/10\/logo-web-60x60.png 60w\" sizes=\"(max-width: 400px) 100vw, 400px\" \/><\/figure><div class=\"wp-block-media-text__content\">\n<p><strong>\u0160PAJZA, bezobalov\u00fd obchod\u00edk<\/strong> \u2013 je partnerom, ktor\u00fd pom\u00e1ha na\u0161im klientom za\u010dle\u0148ova\u0165 sa do komunity mesta, rozv\u00edja\u0165 soci\u00e1lne vz\u0165ahy a&nbsp;manu\u00e1lne zru\u010dnosti, klienti m\u00f4\u017eu pom\u00e1ha\u0165 v obchod\u00edku ako dobrovo\u013en\u00edci.<\/p>\n<\/div><\/div>\n\n\n\n<div style=\"height:30px\" aria-hidden=\"true\" class=\"wp-block-spacer\"><\/div>\n\n\n\n<div class=\"wp-block-media-text alignwide is-stacked-on-mobile\" style=\"grid-template-columns:15% auto\"><figure class=\"wp-block-media-text__media\"><img loading=\"lazy\" width=\"1024\" height=\"1024\" src=\"http:\/\/www.autisti.sk\/lienka\/wp-content\/uploads\/2022\/10\/hidepark2_white-1024x1024.png\" alt=\"\" class=\"wp-image-629 size-full\" srcset=\"http:\/\/www.autisti.sk\/lienka\/wp-content\/uploads\/2022\/10\/hidepark2_white-1024x1024.png 1024w, http:\/\/www.autisti.sk\/lienka\/wp-content\/uploads\/2022\/10\/hidepark2_white-300x300.png 300w, http:\/\/www.autisti.sk\/lienka\/wp-content\/uploads\/2022\/10\/hidepark2_white-150x150.png 150w, http:\/\/www.autisti.sk\/lienka\/wp-content\/uploads\/2022\/10\/hidepark2_white-768x768.png 768w, http:\/\/www.autisti.sk\/lienka\/wp-content\/uploads\/2022\/10\/hidepark2_white-1536x1536.png 1536w, http:\/\/www.autisti.sk\/lienka\/wp-content\/uploads\/2022\/10\/hidepark2_white-370x370.png 370w, http:\/\/www.autisti.sk\/lienka\/wp-content\/uploads\/2022\/10\/hidepark2_white-60x60.png 60w, http:\/\/www.autisti.sk\/lienka\/wp-content\/uploads\/2022\/10\/hidepark2_white.png 1772w\" sizes=\"(max-width: 1024px) 100vw, 1024px\" \/><\/figure><div class=\"wp-block-media-text__content\">\n<p><strong>HIDEPARK Nitra, nez\u00e1visl\u00e9 komunitn\u00e9 centrum a&nbsp;Komunitn\u00e1 z\u00e1hrada<\/strong> \u2013 s\u00fa na\u0161imi partnermi, ktor\u00ed umo\u017e\u0148uj\u00fa klientom rozv\u00edja\u0165 soci\u00e1lne vz\u0165ahy, komunik\u00e1ciu, pohybov\u00e9 a&nbsp;manu\u00e1lne zru\u010dnosti a&nbsp;nadv\u00e4zova\u0165 priate\u013estv\u00e1. V&nbsp;komunitnej z\u00e1hrade m\u00f4\u017eu klienti pestova\u0165 zeleninu a&nbsp;kvety.<\/p>\n<\/div><\/div>\n\n\n\n<div style=\"height:30px\" aria-hidden=\"true\" class=\"wp-block-spacer\"><\/div>\n\n\n\n<div class=\"wp-block-media-text alignwide is-stacked-on-mobile\" style=\"grid-template-columns:15% auto\"><figure class=\"wp-block-media-text__media\"><img loading=\"lazy\" width=\"300\" height=\"96\" src=\"http:\/\/www.autisti.sk\/lienka\/wp-content\/uploads\/2022\/10\/logo-majazoo.png\" alt=\"\" class=\"wp-image-630 size-full\" srcset=\"http:\/\/www.autisti.sk\/lienka\/wp-content\/uploads\/2022\/10\/logo-majazoo.png 300w, http:\/\/www.autisti.sk\/lienka\/wp-content\/uploads\/2022\/10\/logo-majazoo-188x60.png 188w\" sizes=\"(max-width: 300px) 100vw, 300px\" \/><\/figure><div class=\"wp-block-media-text__content\">\n<p><strong>MAJA ZOO, obchod\u00edk \u2013 chovoprodukt<\/strong> \u2013 je na\u0161im partnerom, kde klienti radi nakupuj\u00fa krmivo pre vt\u00e1\u010diky a&nbsp;pozeraj\u00fa si r\u00f4zne zvieratk\u00e1, ako s\u00fa papag\u00e1je, rybi\u010dky, ma\u010di\u010dka \u0161kre\u010dky a&nbsp;pod., tieto aktivity tie\u017e pom\u00e1haj\u00fa klientom rozv\u00edja\u0165 soci\u00e1lne a&nbsp;komunika\u010dn\u00e9 zru\u010dnosti.<\/p>\n<\/div><\/div>\n\n\n\n<div style=\"height:30px\" aria-hidden=\"true\" class=\"wp-block-spacer\"><\/div>\n\n\n\n<div class=\"wp-block-media-text alignwide is-stacked-on-mobile\" style=\"grid-template-columns:15% auto\"><figure class=\"wp-block-media-text__media\"><img loading=\"lazy\" width=\"50\" height=\"50\" src=\"http:\/\/www.autisti.sk\/lienka\/wp-content\/uploads\/2022\/10\/50x50_dominika_titkova-1.png\" alt=\"\" class=\"wp-image-632 size-full\"\/><\/figure><div class=\"wp-block-media-text__content\">\n<p><strong>Dominika Titkov\u00e1 &amp; Friends<\/strong> \u2013 s\u00fa partneri, ktor\u00ed n\u00e1m pom\u00e1haj\u00fa zvidite\u013e\u0148ova\u0165 na\u0161e zariadenie a&nbsp;zvy\u0161ova\u0165 v&nbsp;spolo\u010dnosti povedomie o&nbsp;autizme a&nbsp;opotreb\u00e1ch os\u00f4b s&nbsp;PAS.<\/p>\n<\/div><\/div>\n\n\n\n<div style=\"height:30px\" aria-hidden=\"true\" class=\"wp-block-spacer\"><\/div>\n\n\n\n<div class=\"wp-block-media-text alignwide is-stacked-on-mobile\" style=\"grid-template-columns:15% auto\"><figure class=\"wp-block-media-text__media\"><img loading=\"lazy\" width=\"1024\" height=\"573\" src=\"http:\/\/www.autisti.sk\/lienka\/wp-content\/uploads\/2022\/10\/logo-Canistherapy-1024x573.png\" alt=\"\" class=\"wp-image-633 size-full\" srcset=\"http:\/\/www.autisti.sk\/lienka\/wp-content\/uploads\/2022\/10\/logo-Canistherapy-1024x573.png 1024w, http:\/\/www.autisti.sk\/lienka\/wp-content\/uploads\/2022\/10\/logo-Canistherapy-300x168.png 300w, http:\/\/www.autisti.sk\/lienka\/wp-content\/uploads\/2022\/10\/logo-Canistherapy-768x429.png 768w, http:\/\/www.autisti.sk\/lienka\/wp-content\/uploads\/2022\/10\/logo-Canistherapy-107x60.png 107w, http:\/\/www.autisti.sk\/lienka\/wp-content\/uploads\/2022\/10\/logo-Canistherapy.png 1100w\" sizes=\"(max-width: 1024px) 100vw, 1024px\" \/><\/figure><div class=\"wp-block-media-text__content\">\n<p><strong>Anna F\u00faskov\u00e1 \u2013 Canisterapia<\/strong> \u2013 je partner, ktor\u00fd pom\u00e1ha na\u0161im klientom pre\u017ei\u0165 kr\u00e1sne chv\u00edle v&nbsp;zariaden\u00ed, uvo\u013e\u0148ova\u0165 nap\u00e4tie a&nbsp;vyjadrova\u0165 svoje em\u00f3cie, ps\u00edkovia, ktor\u00ed za nami chodia s\u00fa na\u0161imi priate\u013emi.<\/p>\n<\/div><\/div>\n\n\n\n<div style=\"height:30px\" aria-hidden=\"true\" class=\"wp-block-spacer\"><\/div>\n\n\n\n<div class=\"wp-block-media-text alignwide is-stacked-on-mobile\" style=\"grid-template-columns:15% auto\"><figure class=\"wp-block-media-text__media\"><img loading=\"lazy\" width=\"342\" height=\"160\" src=\"http:\/\/www.autisti.sk\/lienka\/wp-content\/uploads\/2022\/10\/logo-pf.png\" alt=\"\" class=\"wp-image-645 size-full\" srcset=\"http:\/\/www.autisti.sk\/lienka\/wp-content\/uploads\/2022\/10\/logo-pf.png 342w, http:\/\/www.autisti.sk\/lienka\/wp-content\/uploads\/2022\/10\/logo-pf-300x140.png 300w, http:\/\/www.autisti.sk\/lienka\/wp-content\/uploads\/2022\/10\/logo-pf-128x60.png 128w\" sizes=\"(max-width: 342px) 100vw, 342px\" \/><\/figure><div class=\"wp-block-media-text__content\">\n<p><strong>Pedagogick\u00e1 fakulta UKF Nitra<\/strong> &#8211; je partner, s ktor\u00fdm spolupracujeme pri organizovan\u00ed r\u00f4znych podujat\u00ed, pri rie\u0161en\u00ed odborn\u00fdch probl\u00e9mov t\u00fdkaj\u00facich sa problematiky autizmu a pri organizovan\u00ed dobrovo\u013en\u00edckej \u010dinnosti.<\/p>\n<\/div><\/div>\n\n\n\n<div style=\"height:30px\" aria-hidden=\"true\" class=\"wp-block-spacer\"><\/div>\n\n\n\n<div class=\"wp-block-media-text alignwide is-stacked-on-mobile\" style=\"grid-template-columns:15% auto\"><figure class=\"wp-block-media-text__media\"><img loading=\"lazy\" width=\"331\" height=\"160\" src=\"http:\/\/www.autisti.sk\/lienka\/wp-content\/uploads\/2022\/10\/logo-ff.png\" alt=\"\" class=\"wp-image-647 size-full\" srcset=\"http:\/\/www.autisti.sk\/lienka\/wp-content\/uploads\/2022\/10\/logo-ff.png 331w, http:\/\/www.autisti.sk\/lienka\/wp-content\/uploads\/2022\/10\/logo-ff-300x145.png 300w, http:\/\/www.autisti.sk\/lienka\/wp-content\/uploads\/2022\/10\/logo-ff-124x60.png 124w\" sizes=\"(max-width: 331px) 100vw, 331px\" \/><\/figure><div class=\"wp-block-media-text__content\">\n<p><strong>Filozofick\u00e1 fakulta UKF Nitra<\/strong> &#8211; je partner, s ktor\u00fdm spolupracujeme pri organizovan\u00ed r\u00f4znych podujat\u00ed, pri rie\u0161en\u00ed odborn\u00fdch probl\u00e9mov t\u00fdkaj\u00facich sa problematiky autizmu a pri organizovan\u00ed dobrovo\u013en\u00edckej \u010dinnosti.<\/p>\n<\/div><\/div>\n\n\n\n<div style=\"height:30px\" aria-hidden=\"true\" class=\"wp-block-spacer\"><\/div>\n\n\n\n<div class=\"wp-block-media-text alignwide is-stacked-on-mobile\" style=\"grid-template-columns:15% auto\"><figure class=\"wp-block-media-text__media\"><img loading=\"lazy\" width=\"100\" height=\"100\" src=\"http:\/\/www.autisti.sk\/lienka\/wp-content\/uploads\/2022\/11\/REVIS-SERVIS.png\" alt=\"\" class=\"wp-image-707 size-full\" srcset=\"http:\/\/www.autisti.sk\/lienka\/wp-content\/uploads\/2022\/11\/REVIS-SERVIS.png 100w, http:\/\/www.autisti.sk\/lienka\/wp-content\/uploads\/2022\/11\/REVIS-SERVIS-60x60.png 60w\" sizes=\"(max-width: 100px) 100vw, 100px\" \/><\/figure><div class=\"wp-block-media-text__content\">\n<p><strong>REVIS SERVIS<\/strong> &#8211; je na\u0161im dod\u00e1vate\u013eom kancel\u00e1rskych potrieb&nbsp; a v\u00fdpo\u010dtovej techniky a pom\u00e1ha n\u00e1m pri organizovan\u00ed r\u00f4znych akci\u00ed a podujat\u00ed.<\/p>\n<\/div><\/div>\n\n\n\n<div style=\"height:30px\" aria-hidden=\"true\" class=\"wp-block-spacer\"><\/div>\n\n\n\n<div class=\"wp-block-media-text alignwide is-stacked-on-mobile\" style=\"grid-template-columns:15% auto\"><figure class=\"wp-block-media-text__media\"><img loading=\"lazy\" width=\"125\" height=\"125\" src=\"http:\/\/www.autisti.sk\/lienka\/wp-content\/uploads\/2022\/11\/vonavy.jpg\" alt=\"\" class=\"wp-image-710 size-full\" srcset=\"http:\/\/www.autisti.sk\/lienka\/wp-content\/uploads\/2022\/11\/vonavy.jpg 125w, http:\/\/www.autisti.sk\/lienka\/wp-content\/uploads\/2022\/11\/vonavy-60x60.jpg 60w\" sizes=\"(max-width: 125px) 100vw, 125px\" \/><\/figure><div class=\"wp-block-media-text__content\">\n<p><strong>Vo\u0148av\u00fd ateli\u00e9r<\/strong> &#8211; spolu organizujeme workshopy pre na\u0161ich klientov a zamestnancov<\/p>\n<\/div><\/div>\n\n\n\n<div style=\"height:30px\" aria-hidden=\"true\" class=\"wp-block-spacer\"><\/div>\n\n\n\n<div class=\"wp-block-media-text alignwide is-stacked-on-mobile\" style=\"grid-template-columns:15% auto\"><figure class=\"wp-block-media-text__media\"><img loading=\"lazy\" width=\"1024\" height=\"538\" src=\"http:\/\/www.autisti.sk\/lienka\/wp-content\/uploads\/2023\/09\/share-sk-new-1024x538.jpg\" alt=\"\" class=\"wp-image-954 size-full\" srcset=\"http:\/\/www.autisti.sk\/lienka\/wp-content\/uploads\/2023\/09\/share-sk-new-1024x538.jpg 1024w, http:\/\/www.autisti.sk\/lienka\/wp-content\/uploads\/2023\/09\/share-sk-new-300x158.jpg 300w, http:\/\/www.autisti.sk\/lienka\/wp-content\/uploads\/2023\/09\/share-sk-new-768x403.jpg 768w, http:\/\/www.autisti.sk\/lienka\/wp-content\/uploads\/2023\/09\/share-sk-new-114x60.jpg 114w, http:\/\/www.autisti.sk\/lienka\/wp-content\/uploads\/2023\/09\/share-sk-new.jpg 1200w\" sizes=\"(max-width: 1024px) 100vw, 1024px\" \/><\/figure><div class=\"wp-block-media-text__content\">\n<p><strong>Tesco Nitra<\/strong><\/p>\n<\/div><\/div>\n\n\n\n<div style=\"height:30px\" aria-hidden=\"true\" class=\"wp-block-spacer\"><\/div>\n\n\n\n<div class=\"wp-block-media-text alignwide is-stacked-on-mobile\" style=\"grid-template-columns:15% auto\"><figure class=\"wp-block-media-text__media\"><img loading=\"lazy\" width=\"267\" height=\"189\" src=\"http:\/\/www.autisti.sk\/lienka\/wp-content\/uploads\/2023\/09\/korze.jpg\" alt=\"\" class=\"wp-image-956 size-full\" srcset=\"http:\/\/www.autisti.sk\/lienka\/wp-content\/uploads\/2023\/09\/korze.jpg 267w, http:\/\/www.autisti.sk\/lienka\/wp-content\/uploads\/2023\/09\/korze-85x60.jpg 85w\" sizes=\"(max-width: 267px) 100vw, 267px\" \/><\/figure><div class=\"wp-block-media-text__content\">\n<p><strong>Kav\u00e1re\u0148 na korze<\/strong> &#8211; kaviare\u0148 lenivej \u017eeny<\/p>\n<\/div><\/div>\n\n\n\n<div style=\"height:30px\" aria-hidden=\"true\" class=\"wp-block-spacer\"><\/div>\n\n\n\n<div class=\"wp-block-media-text alignwide is-stacked-on-mobile\" style=\"grid-template-columns:15% auto\"><figure class=\"wp-block-media-text__media\"><img loading=\"lazy\" width=\"250\" height=\"83\" src=\"http:\/\/www.autisti.sk\/lienka\/wp-content\/uploads\/2023\/09\/Cromwell_logo.png\" alt=\"\" class=\"wp-image-957 size-full\" srcset=\"http:\/\/www.autisti.sk\/lienka\/wp-content\/uploads\/2023\/09\/Cromwell_logo.png 250w, http:\/\/www.autisti.sk\/lienka\/wp-content\/uploads\/2023\/09\/Cromwell_logo-181x60.png 181w\" sizes=\"(max-width: 250px) 100vw, 250px\" \/><\/figure><div class=\"wp-block-media-text__content\">\n<p><strong>Cromvwell Nitra<\/strong> -distribu\u010dn\u00e1 spolo\u010dnos\u0165<\/p>\n<\/div><\/div>\n\n\n\n<div style=\"height:30px\" aria-hidden=\"true\" class=\"wp-block-spacer\"><\/div>\n\n\n\n<div class=\"wp-block-media-text alignwide is-stacked-on-mobile\" style=\"grid-template-columns:16% auto\"><figure class=\"wp-block-media-text__media\"><img loading=\"lazy\" width=\"1018\" height=\"1018\" src=\"http:\/\/www.autisti.sk\/lienka\/wp-content\/uploads\/2024\/03\/rotary-club.jpg\" alt=\"\" class=\"wp-image-993 size-full\" srcset=\"http:\/\/www.autisti.sk\/lienka\/wp-content\/uploads\/2024\/03\/rotary-club.jpg 1018w, http:\/\/www.autisti.sk\/lienka\/wp-content\/uploads\/2024\/03\/rotary-club-300x300.jpg 300w, http:\/\/www.autisti.sk\/lienka\/wp-content\/uploads\/2024\/03\/rotary-club-150x150.jpg 150w, http:\/\/www.autisti.sk\/lienka\/wp-content\/uploads\/2024\/03\/rotary-club-768x768.jpg 768w, http:\/\/www.autisti.sk\/lienka\/wp-content\/uploads\/2024\/03\/rotary-club-370x370.jpg 370w, http:\/\/www.autisti.sk\/lienka\/wp-content\/uploads\/2024\/03\/rotary-club-60x60.jpg 60w\" sizes=\"(max-width: 1018px) 100vw, 1018px\" \/><\/figure><div class=\"wp-block-media-text__content\">\n<p><strong>ROARY Club Nitra<\/strong><\/p>\n<\/div><\/div>\n\n\n\n<div style=\"height:100px\" aria-hidden=\"true\" class=\"wp-block-spacer\"><\/div>\n\n\n\n<div style=\"height:50px\" aria-hidden=\"true\" class=\"wp-block-spacer\"><\/div>\n\n\n\n<div class=\"wp-container-1 is-horizontal is-content-justification-center wp-block-buttons\">\n<div class=\"wp-block-button has-custom-width wp-block-button__width-100\"><a class=\"wp-block-button__link has-text-color has-background\" href=\"http:\/\/www.autisti.sk\/lienka\/nasi-partneri\/\" style=\"border-radius:2px;background-color:#ba0c49;color:#fffffa\">Sp\u00e4\u0165<\/a><\/div>\n<\/div>\n","protected":false},"excerpt":{"rendered":"<p>Na\u0161imi partnermi s\u00fa: Tla\u010diare\u0148 a&nbsp;kn\u00edhviaza\u010dstvo GARMONDNITRA.sk \u2013 je na\u0161im partnerom na pomoc propag\u00e1cie a&nbsp;zvidite\u013e\u0148ovania n\u00e1\u0161ho ob\u010dianskeho zdru\u017eenia a&nbsp;n\u00e1\u0161ho \u0161pecializovan\u00e9ho zariadenia pre osoby s&nbsp;PAS. Dom Matice slovenskej v&nbsp;Nitre &#8211; je na\u0161im partnerom na pomoc propag\u00e1cie a&nbsp;zvidite\u013e\u0148ovania n\u00e1\u0161ho ob\u010dianskeho zdru\u017eenia a&nbsp;n\u00e1\u0161ho \u0161pecializovan\u00e9ho zariadenia pre osoby s&nbsp;PAS. Nov\u00e9 divadlo \u2013 je partnerom, ktor\u00fd pom\u00e1ha na\u0161im klientom za\u010dle\u0148ova\u0165 sa do komunity mesta a rozv\u00edja\u0165 soci\u00e1lne vz\u0165ahy, klienti m\u00f4\u017eu nav\u0161tevova\u0165 divadeln\u00e9 predstavenia a&nbsp;pom\u00e1ha\u0165 v&nbsp;divadle ako dobrovo\u013en\u00edci. \u0160PAJZA, bezobalov\u00fd obchod\u00edk \u2013 je partnerom, ktor\u00fd pom\u00e1ha na\u0161im klientom za\u010dle\u0148ova\u0165 sa do komunity mesta, rozv\u00edja\u0165 soci\u00e1lne vz\u0165ahy a&nbsp;manu\u00e1lne zru\u010dnosti, klienti m\u00f4\u017eu pom\u00e1ha\u0165 v obchod\u00edku ako dobrovo\u013en\u00edci. HIDEPARK Nitra, &hellip; <\/p>\n","protected":false},"author":2,"featured_media":0,"parent":0,"menu_order":0,"comment_status":"closed","ping_status":"closed","template":"","meta":{"ngg_post_thumbnail":0},"_links":{"self":[{"href":"http:\/\/www.autisti.sk\/lienka\/wp-json\/wp\/v2\/pages\/369"}],"collection":[{"href":"http:\/\/www.autisti.sk\/lienka\/wp-json\/wp\/v2\/pages"}],"about":[{"href":"http:\/\/www.autisti.sk\/lienka\/wp-json\/wp\/v2\/types\/page"}],"author":[{"embeddable":true,"href":"http:\/\/www.autisti.sk\/lienka\/wp-json\/wp\/v2\/users\/2"}],"replies":[{"embeddable":true,"href":"http:\/\/www.autisti.sk\/lienka\/wp-json\/wp\/v2\/comments?post=369"}],"version-history":[{"count":10,"href":"http:\/\/www.autisti.sk\/lienka\/wp-json\/wp\/v2\/pages\/369\/revisions"}],"predecessor-version":[{"id":995,"href":"http:\/\/www.autisti.sk\/lienka\/wp-json\/wp\/v2\/pages\/369\/revisions\/995"}],"wp:attachment":[{"href":"http:\/\/www.autisti.sk\/lienka\/wp-json\/wp\/v2\/media?parent=369"}],"curies":[{"name":"wp","href":"https:\/\/api.w.org\/{rel}","templated":true}]}}