{"id":361,"date":"2021-11-12T14:29:05","date_gmt":"2021-11-12T13:29:05","guid":{"rendered":"http:\/\/www.autisti.sk\/lienka\/?page_id=361"},"modified":"2022-10-27T21:40:10","modified_gmt":"2022-10-27T19:40:10","slug":"formalne-partnerske-vztahy","status":"publish","type":"page","link":"http:\/\/www.autisti.sk\/lienka\/formalne-partnerske-vztahy\/","title":{"rendered":"Form\u00e1lne partnersk\u00e9 vz\u0165ahy"},"content":{"rendered":"\n<h4><strong><em>Na\u0161imi partnermi s\u00fa:<\/em><\/strong><\/h4>\n\n\n\n<div style=\"height:40px\" aria-hidden=\"true\" class=\"wp-block-spacer\"><\/div>\n\n\n\n<div class=\"wp-block-media-text alignwide is-stacked-on-mobile\" style=\"grid-template-columns:20% auto\"><figure class=\"wp-block-media-text__media\"><img loading=\"lazy\" width=\"618\" height=\"136\" src=\"http:\/\/www.autisti.sk\/lienka\/wp-content\/uploads\/2022\/10\/logo_ncdnitra.png\" alt=\"\" class=\"wp-image-638 size-full\" srcset=\"http:\/\/www.autisti.sk\/lienka\/wp-content\/uploads\/2022\/10\/logo_ncdnitra.png 618w, http:\/\/www.autisti.sk\/lienka\/wp-content\/uploads\/2022\/10\/logo_ncdnitra-300x66.png 300w, http:\/\/www.autisti.sk\/lienka\/wp-content\/uploads\/2022\/10\/logo_ncdnitra-273x60.png 273w\" sizes=\"(max-width: 618px) 100vw, 618px\" \/><\/figure><div class=\"wp-block-media-text__content\">\n<p><strong>Nitrianske centrum dobrovo\u013en\u00edctva (ncd)&nbsp;<\/strong>\u2013 dobrovo\u013en\u00edci n\u00e1m pom\u00e1haj\u00fa nap\u013a\u0148a\u0165 na\u0161e poslanie, v\u00edzie a&nbsp;ciele akt\u00edvnou \u010dinnos\u0165ou dobrovo\u013en\u00edkov, ktor\u00ed sa venuj\u00fa na\u0161im klientom hlavne pri vo\u013eno\u010dasov\u00fdch a&nbsp;z\u00e1ujmov\u00fdch aktivit\u00e1ch.<\/p>\n<\/div><\/div>\n\n\n\n<div style=\"height:50px\" aria-hidden=\"true\" class=\"wp-block-spacer\"><\/div>\n\n\n\n<div class=\"wp-block-media-text alignwide is-stacked-on-mobile\" style=\"grid-template-columns:20% auto\"><figure class=\"wp-block-media-text__media\"><img loading=\"lazy\" width=\"220\" height=\"229\" src=\"http:\/\/www.autisti.sk\/lienka\/wp-content\/uploads\/2022\/10\/nsk.png\" alt=\"\" class=\"wp-image-639 size-full\" srcset=\"http:\/\/www.autisti.sk\/lienka\/wp-content\/uploads\/2022\/10\/nsk.png 220w, http:\/\/www.autisti.sk\/lienka\/wp-content\/uploads\/2022\/10\/nsk-58x60.png 58w\" sizes=\"(max-width: 220px) 100vw, 220px\" \/><\/figure><div class=\"wp-block-media-text__content\">\n<p><strong>Nitriansky samospr\u00e1vny kraj (NSK) <\/strong>\u2013pom\u00e1ha nap\u013a\u0148a\u0165 poslanie v\u00edzie a&nbsp;ciele n\u00e1\u0161ho zariadenia t\u00fdm, \u017ee s&nbsp;na\u0161im ob\u010dianskym zdru\u017een\u00edm ka\u017edoro\u010dne uzatv\u00e1ra zmluvu o&nbsp;poskytovan\u00ed finan\u010dn\u00fdch prostriedkov na prev\u00e1dzku zariadenia:<\/p>\n\n\n\n<ul><li>v&nbsp;roku 2019 n\u00e1m NSK poskytol pr\u00edspevok vo v\u00fd\u0161ke 34&nbsp;930,31 \u20ac<\/li><li>v&nbsp;roku 2020 n\u00e1m NSK poskytol pr\u00edspevok vo v\u00fd\u0161ke 59&nbsp;593,88 \u20ac<\/li><li>v&nbsp;roku 2021 n\u00e1m NSK poskytol pr\u00edspevok vo v\u00fd\u0161ke 70&nbsp;101,36 \u20ac<\/li><\/ul>\n<\/div><\/div>\n\n\n\n<div style=\"height:50px\" aria-hidden=\"true\" class=\"wp-block-spacer\"><\/div>\n\n\n\n<div class=\"wp-block-media-text alignwide is-stacked-on-mobile\" style=\"grid-template-columns:20% auto\"><figure class=\"wp-block-media-text__media\"><img loading=\"lazy\" width=\"406\" height=\"124\" src=\"http:\/\/www.autisti.sk\/lienka\/wp-content\/uploads\/2022\/10\/mpsvr-sr.jpg\" alt=\"\" class=\"wp-image-640 size-full\" srcset=\"http:\/\/www.autisti.sk\/lienka\/wp-content\/uploads\/2022\/10\/mpsvr-sr.jpg 406w, http:\/\/www.autisti.sk\/lienka\/wp-content\/uploads\/2022\/10\/mpsvr-sr-300x92.jpg 300w, http:\/\/www.autisti.sk\/lienka\/wp-content\/uploads\/2022\/10\/mpsvr-sr-196x60.jpg 196w\" sizes=\"(max-width: 406px) 100vw, 406px\" \/><\/figure><div class=\"wp-block-media-text__content\">\n<p><strong>Ministerstvo pr\u00e1ce, soci\u00e1lnych vec\u00ed a&nbsp;rodiny Slovenskej republiky (MPSVR SR<\/strong>) &#8211; pom\u00e1ha nap\u013a\u0148a\u0165 poslanie v\u00edzie a ciele n\u00e1\u0161ho zariadenia t\u00fdm, \u017ee s na\u0161im ob\u010dianskym zdru\u017een\u00edm ka\u017edoro\u010dne uzatv\u00e1ra zmluvu o poskytovan\u00ed finan\u010dn\u00fdch prostriedkov na odk\u00e1zanos\u0165:<\/p>\n\n\n\n<ul><li>v&nbsp;roku 2019 n\u00e1m MPSVR SR neposkytlo pr\u00edspevok<\/li><li>v&nbsp;roku 2020 n\u00e1m MPSVR SR poskytlo pr\u00edspevok vo v\u00fd\u0161ke 23&nbsp;975,44 \u20ac<\/li><li>v&nbsp;roku 2021 n\u00e1m MPSVR SR poskytlo pr\u00edspevok vo v\u00fd\u0161ke 30&nbsp;624,02 \u20ac<\/li><\/ul>\n<\/div><\/div>\n\n\n\n<div style=\"height:50px\" aria-hidden=\"true\" class=\"wp-block-spacer\"><\/div>\n\n\n\n<div class=\"wp-block-media-text alignwide is-stacked-on-mobile\" style=\"grid-template-columns:20% auto\"><figure class=\"wp-block-media-text__media\"><img loading=\"lazy\" width=\"166\" height=\"211\" src=\"http:\/\/www.autisti.sk\/lienka\/wp-content\/uploads\/2022\/10\/nitra-logo.png\" alt=\"\" class=\"wp-image-641 size-full\" srcset=\"http:\/\/www.autisti.sk\/lienka\/wp-content\/uploads\/2022\/10\/nitra-logo.png 166w, http:\/\/www.autisti.sk\/lienka\/wp-content\/uploads\/2022\/10\/nitra-logo-47x60.png 47w\" sizes=\"(max-width: 166px) 100vw, 166px\" \/><\/figure><div class=\"wp-block-media-text__content\">\n<p><strong>Mesto Nitra<\/strong> &#8211; pom\u00e1ha nap\u013a\u0148a\u0165 poslanie v\u00edzie a ciele n\u00e1\u0161ho zariadenia t\u00fdm, \u017ee na\u0161e ob\u010dianske zdru\u017eenie s&nbsp;Mestom Nitra:<\/p>\n\n\n\n<ul><li>uzatvorilo zmluvu o&nbsp;pren\u00e1jme priestorov za 1 \u20ac ro\u010dne<\/li><li>v&nbsp;roku 2021 uzatvorilo zmluvu o&nbsp;poskytnut\u00ed transferu, v&nbsp;s\u00falade s&nbsp;ktorou poskytlo mesto zariadeniu pr\u00edspevok na spotrebu energi\u00ed vo v\u00fd\u0161ke 1&nbsp;292,10 \u20ac<\/li><li>spolupracuje na vytvoren\u00ed novej soci\u00e1lnej slu\u017eby Zariadenie podporovan\u00e9ho b\u00fdvania v&nbsp;s\u00falade s&nbsp;Komunitn\u00fdm pl\u00e1nom mesta Nitry<\/li><\/ul>\n<\/div><\/div>\n\n\n\n<div style=\"height:50px\" aria-hidden=\"true\" class=\"wp-block-spacer\"><\/div>\n\n\n\n<p><strong>\u00darad pr\u00e1ce soci\u00e1lnych vec\u00ed a&nbsp;rodiny v&nbsp;Nitre<\/strong> \u2013 n\u00e1m pomohol v&nbsp;roku 2021 prekona\u0165 \u0165a\u017ek\u00fa situ\u00e1ciu v&nbsp;druhej vlne pand\u00e9mie COVID \u2013 19 a&nbsp;prispel n\u00e1m \u010diastkou 3&nbsp;330,00 \u20ac na odmeny zamestnancov za mimoriadny v\u00fdkon pr\u00e1ce po\u010das \u0165a\u017ekej pandemickej situ\u00e1cie.<\/p>\n\n\n\n<div style=\"height:50px\" aria-hidden=\"true\" class=\"wp-block-spacer\"><\/div>\n\n\n\n<p><strong>Superv\u00edzorka Mgr. Andrea Juh\u00e1sov\u00e1, PhD.<\/strong> &#8211; pom\u00e1ha nap\u013a\u0148a\u0165 poslanie v\u00edzie a ciele n\u00e1\u0161ho zariadenia t\u00fdm, \u017ee s na\u0161im ob\u010dianskym zdru\u017een\u00edm uzatvorila zmluvu o&nbsp;poskytovan\u00ed superv\u00edzie, ktor\u00fa pravidelne v&nbsp;zariaden\u00ed vykon\u00e1va.<\/p>\n\n\n\n<div style=\"height:50px\" aria-hidden=\"true\" class=\"wp-block-spacer\"><\/div>\n\n\n\n<p><strong>TAX AUDIT CONSULT s. r. o., aud\u00edtorsk\u00e1 spolo\u010dnos\u0165<\/strong> \u2013 je na\u0161im partnerom pre v\u00fdkon auditu a&nbsp;kontroly v\u00fdro\u010dnej spr\u00e1vy a&nbsp;\u00fa\u010dtovnej z\u00e1vierky n\u00e1\u0161ho ob\u010dianskeho zdru\u017eenia.<\/p>\n\n\n\n<div style=\"height:50px\" aria-hidden=\"true\" class=\"wp-block-spacer\"><\/div>\n\n\n\n<p><strong>SAFEMAN, s. r. o.<\/strong> \u2013 je na\u0161im partnerom na zabezpe\u010denie v\u00fdkonu pracovnej zdravotnej slu\u017eby, v\u00fdkonu ochrany pred po\u017eiarmi a&nbsp;bezpe\u010dnosti a&nbsp;ochrany zdravia pri pr\u00e1ci.<\/p>\n\n\n\n<div style=\"height:50px\" aria-hidden=\"true\" class=\"wp-block-spacer\"><\/div>\n\n\n\n<div class=\"wp-block-media-text alignwide is-stacked-on-mobile\" style=\"grid-template-columns:20% auto\"><figure class=\"wp-block-media-text__media\"><img loading=\"lazy\" width=\"170\" height=\"50\" src=\"http:\/\/www.autisti.sk\/lienka\/wp-content\/uploads\/2022\/10\/ric.jpg\" alt=\"\" class=\"wp-image-642 size-full\"\/><\/figure><div class=\"wp-block-media-text__content\">\n<p><strong>R:I:C: Slovakia, s. r. o.<\/strong> \u2013 pre na\u0161e ob\u010dianske zdru\u017eenie je prenaj\u00edmate\u013eom hnute\u013en\u00fdch vec\u00ed:<\/p>\n\n\n\n<ul><li>monitor LG 24BK550Y-B \u2013 2 kusy<\/li><li>tla\u010diare\u0148 HP 6960<\/li><\/ul>\n<\/div><\/div>\n\n\n\n<div style=\"height:50px\" aria-hidden=\"true\" class=\"wp-block-spacer\"><\/div>\n\n\n\n<div class=\"wp-container-1 is-horizontal is-content-justification-center wp-block-buttons\">\n<div class=\"wp-block-button has-custom-width wp-block-button__width-100\"><a class=\"wp-block-button__link has-text-color has-background\" href=\"http:\/\/www.autisti.sk\/lienka\/nasi-partneri\/\" style=\"border-radius:2px;background-color:#ba0c49;color:#fffffa\">Sp\u00e4\u0165<\/a><\/div>\n<\/div>\n","protected":false},"excerpt":{"rendered":"<p>Na\u0161imi partnermi s\u00fa: Nitrianske centrum dobrovo\u013en\u00edctva (ncd)&nbsp;\u2013 dobrovo\u013en\u00edci n\u00e1m pom\u00e1haj\u00fa nap\u013a\u0148a\u0165 na\u0161e poslanie, v\u00edzie a&nbsp;ciele akt\u00edvnou \u010dinnos\u0165ou dobrovo\u013en\u00edkov, ktor\u00ed sa venuj\u00fa na\u0161im klientom hlavne pri vo\u013eno\u010dasov\u00fdch a&nbsp;z\u00e1ujmov\u00fdch aktivit\u00e1ch. Nitriansky samospr\u00e1vny kraj (NSK) \u2013pom\u00e1ha nap\u013a\u0148a\u0165 poslanie v\u00edzie a&nbsp;ciele n\u00e1\u0161ho zariadenia t\u00fdm, \u017ee s&nbsp;na\u0161im ob\u010dianskym zdru\u017een\u00edm ka\u017edoro\u010dne uzatv\u00e1ra zmluvu o&nbsp;poskytovan\u00ed finan\u010dn\u00fdch prostriedkov na prev\u00e1dzku zariadenia: v&nbsp;roku 2019 n\u00e1m NSK poskytol pr\u00edspevok vo v\u00fd\u0161ke 34&nbsp;930,31 \u20ac v&nbsp;roku 2020 n\u00e1m NSK poskytol pr\u00edspevok vo v\u00fd\u0161ke 59&nbsp;593,88 \u20ac v&nbsp;roku 2021 n\u00e1m NSK poskytol pr\u00edspevok vo v\u00fd\u0161ke 70&nbsp;101,36 \u20ac Ministerstvo pr\u00e1ce, soci\u00e1lnych vec\u00ed a&nbsp;rodiny Slovenskej republiky (MPSVR SR) &#8211; pom\u00e1ha nap\u013a\u0148a\u0165 poslanie v\u00edzie a ciele n\u00e1\u0161ho &hellip; <\/p>\n","protected":false},"author":2,"featured_media":0,"parent":0,"menu_order":0,"comment_status":"closed","ping_status":"closed","template":"","meta":{"ngg_post_thumbnail":0},"_links":{"self":[{"href":"http:\/\/www.autisti.sk\/lienka\/wp-json\/wp\/v2\/pages\/361"}],"collection":[{"href":"http:\/\/www.autisti.sk\/lienka\/wp-json\/wp\/v2\/pages"}],"about":[{"href":"http:\/\/www.autisti.sk\/lienka\/wp-json\/wp\/v2\/types\/page"}],"author":[{"embeddable":true,"href":"http:\/\/www.autisti.sk\/lienka\/wp-json\/wp\/v2\/users\/2"}],"replies":[{"embeddable":true,"href":"http:\/\/www.autisti.sk\/lienka\/wp-json\/wp\/v2\/comments?post=361"}],"version-history":[{"count":11,"href":"http:\/\/www.autisti.sk\/lienka\/wp-json\/wp\/v2\/pages\/361\/revisions"}],"predecessor-version":[{"id":644,"href":"http:\/\/www.autisti.sk\/lienka\/wp-json\/wp\/v2\/pages\/361\/revisions\/644"}],"wp:attachment":[{"href":"http:\/\/www.autisti.sk\/lienka\/wp-json\/wp\/v2\/media?parent=361"}],"curies":[{"name":"wp","href":"https:\/\/api.w.org\/{rel}","templated":true}]}}