{"id":316,"date":"2021-10-08T11:23:13","date_gmt":"2021-10-08T09:23:13","guid":{"rendered":"http:\/\/www.autisti.sk\/lienka\/?page_id=316"},"modified":"2023-07-19T16:12:14","modified_gmt":"2023-07-19T14:12:14","slug":"prijate-dary-v-roku-2020","status":"publish","type":"page","link":"http:\/\/www.autisti.sk\/lienka\/prijate-dary-v-roku-2020\/","title":{"rendered":"Prijat\u00e9 dary v roku 2020"},"content":{"rendered":"\n<div style=\"height:40px\" aria-hidden=\"true\" class=\"wp-block-spacer\"><\/div>\n\n\n\n<div class=\"wp-block-file\"><a id=\"wp-block-file--media-78e6634d-1161-4b67-8349-e377b068bd07\" href=\"http:\/\/www.autisti.sk\/lienka\/wp-content\/uploads\/2023\/07\/Prijate-dary-v-roku-2020.pdf\">Prijat\u00e9 dary v roku 2020<\/a><a href=\"http:\/\/www.autisti.sk\/lienka\/wp-content\/uploads\/2023\/07\/Prijate-dary-v-roku-2020.pdf\" class=\"wp-block-file__button\" download aria-describedby=\"wp-block-file--media-78e6634d-1161-4b67-8349-e377b068bd07\">Stiahnu\u0165<\/a><\/div>\n\n\n\n<div style=\"height:41px\" aria-hidden=\"true\" class=\"wp-block-spacer\"><\/div>\n\n\n<div class=\"wp-block-image\">\n<figure class=\"alignright size-large is-resized\"><img loading=\"lazy\" src=\"http:\/\/www.autisti.sk\/lienka\/wp-content\/uploads\/2021\/09\/volkswagen-logo.png\" alt=\"\" class=\"wp-image-271\" width=\"226\" height=\"59\"\/><\/figure><\/div>\n\n\n<h3>Nad\u00e1cia Volkswagen Slovakia<\/h3>\n\n\n\n<p>Nad\u00e1cia VOLKSWAGEN SLOVAKIA pom\u00e1ha na\u0161im klientom a zamestnancom prekon\u00e1va\u0165 \u0165a\u017ek\u00e9 obdobie pand\u00e9mie, zapr\u00ed\u010dinen\u00e9 prenosn\u00fdm ochoren\u00edm COVID \u2013 19. Osta\u0165 doma v bezpe\u010d\u00ed nie je pre rodinu s autistom \u201ebezpe\u010dn\u00e9\u201c. Preto aj v\u010faka pomoci nad\u00e1cie sa n\u00e1m dar\u00ed integrova\u0165 klientov zariadenia do komunity:<\/p>\n\n\n\n<p>\u2013 klienti m\u00f4\u017eu rozv\u00edja\u0165 svoje komunika\u010dn\u00e9 zru\u010dnosti pomocou v\u00fdpo\u010dtovej techniky, ale aj pomocou terapeutick\u00fdch hudobn\u00fdch n\u00e1strojov,<\/p>\n\n\n\n<p>\u2013 vzdel\u00e1vanie v expres\u00edvnych terapi\u00e1ch, ktor\u00e9 v\u010faka nad\u00e1cii m\u00f4\u017eu absolvova\u0165 na\u0161i zamestnanci, im pom\u00e1haj\u00fa rozv\u00edja\u0165 komunik\u00e1ciu s klientmi, ktor\u00ed potrebuj\u00fa vysok\u00fa mieru podpory,<\/p>\n\n\n\n<p>\u2013 canisterapia pom\u00e1ha klientom uvo\u013eni\u0165 sa a pozit\u00edvne naladi\u0165, vzbudzuje u nich empatiu a d\u00f4veru,<\/p>\n\n\n\n<p>\u2013 na\u0161i klienti maj\u00fa mo\u017enos\u0165 rozv\u00edja\u0165 svoje pracovn\u00e9 zru\u010dnosti pomocou tr\u00e9ningov starostlivosti o dom\u00e1cnos\u0165, starostlivosti o z\u00e1hradku a tr\u00e9ningov varenia,<\/p>\n\n\n\n<p>\u2013 nie v poslednom rade mohlo zariadenie pre klientov a zamestnancov, v\u010faka nad\u00e1cii, nak\u00fapi\u0165 ochrann\u00e9 a dezinfek\u010dn\u00e9 pom\u00f4cky, potrebn\u00e9 v tomto obdob\u00ed pand\u00e9mie.<\/p>\n\n\n\n<div style=\"height:25px\" aria-hidden=\"true\" class=\"wp-block-spacer\"><\/div>\n\n\n\n<div class=\"wp-block-file\"><a id=\"wp-block-file--media-ef0b63ea-f5db-435f-b295-7d7512236df0\" href=\"http:\/\/www.autisti.sk\/lienka\/wp-content\/uploads\/2021\/09\/Kopie-II.-Cast-Financna-sprava-2.xlsx\">Finan\u010dn\u00e1 spr\u00e1va o pou\u017eit\u00ed finan\u010dn\u00fdch prostriedkov z Nad\u00e1cie Volkswagen Slovakia<\/a><a href=\"http:\/\/www.autisti.sk\/lienka\/wp-content\/uploads\/2021\/09\/Kopie-II.-Cast-Financna-sprava-2.xlsx\" class=\"wp-block-file__button\" download aria-describedby=\"wp-block-file--media-ef0b63ea-f5db-435f-b295-7d7512236df0\">Stiahnu\u0165<\/a><\/div>\n\n\n\n<div class=\"wp-block-file\"><a id=\"wp-block-file--media-59c72210-faa2-4708-a420-28fac60f17d2\" href=\"http:\/\/www.autisti.sk\/lienka\/wp-content\/uploads\/2021\/09\/pouzitie-prostriedkov-nadacie-Volkswagen.docx\">Pou\u017eitie prostriedkov nad\u00e1cie Volkswagen<\/a><a href=\"http:\/\/www.autisti.sk\/lienka\/wp-content\/uploads\/2021\/09\/pouzitie-prostriedkov-nadacie-Volkswagen.docx\" class=\"wp-block-file__button\" download aria-describedby=\"wp-block-file--media-59c72210-faa2-4708-a420-28fac60f17d2\">Stiahnu\u0165<\/a><\/div>\n\n\n\n<div style=\"height:55px\" aria-hidden=\"true\" class=\"wp-block-spacer\"><\/div>\n\n\n\n<h4>\u0160\u0165astn\u00e9 roz\u017eiaren\u00e9 tv\u00e1re zo zak\u00fapen\u00fdch prostriedkov Nad\u00e1cie Volkswagen Slovakia<\/h4>\n\n\n\n<figure class=\"wp-container-2 wp-block-gallery-1 wp-block-gallery has-nested-images columns-default is-cropped\">\n<figure class=\"wp-block-image size-large\"><img loading=\"lazy\" width=\"717\" height=\"530\" data-id=\"278\"  src=\"http:\/\/www.autisti.sk\/lienka\/wp-content\/uploads\/2021\/09\/nws6.jpg\" alt=\"\" class=\"wp-image-278\" srcset=\"http:\/\/www.autisti.sk\/lienka\/wp-content\/uploads\/2021\/09\/nws6.jpg 717w, http:\/\/www.autisti.sk\/lienka\/wp-content\/uploads\/2021\/09\/nws6-300x222.jpg 300w, http:\/\/www.autisti.sk\/lienka\/wp-content\/uploads\/2021\/09\/nws6-81x60.jpg 81w\" sizes=\"(max-width: 717px) 100vw, 717px\" \/><\/figure>\n\n\n\n<figure class=\"wp-block-image size-large\"><img loading=\"lazy\" width=\"481\" height=\"617\" data-id=\"277\"  src=\"http:\/\/www.autisti.sk\/lienka\/wp-content\/uploads\/2021\/09\/nws5.jpg\" alt=\"\" class=\"wp-image-277\" srcset=\"http:\/\/www.autisti.sk\/lienka\/wp-content\/uploads\/2021\/09\/nws5.jpg 481w, http:\/\/www.autisti.sk\/lienka\/wp-content\/uploads\/2021\/09\/nws5-234x300.jpg 234w, http:\/\/www.autisti.sk\/lienka\/wp-content\/uploads\/2021\/09\/nws5-47x60.jpg 47w\" sizes=\"(max-width: 481px) 100vw, 481px\" \/><\/figure>\n\n\n\n<figure class=\"wp-block-image size-large\"><img loading=\"lazy\" width=\"508\" height=\"620\" data-id=\"276\"  src=\"http:\/\/www.autisti.sk\/lienka\/wp-content\/uploads\/2021\/09\/nws4.jpg\" alt=\"\" class=\"wp-image-276\" srcset=\"http:\/\/www.autisti.sk\/lienka\/wp-content\/uploads\/2021\/09\/nws4.jpg 508w, http:\/\/www.autisti.sk\/lienka\/wp-content\/uploads\/2021\/09\/nws4-246x300.jpg 246w, http:\/\/www.autisti.sk\/lienka\/wp-content\/uploads\/2021\/09\/nws4-49x60.jpg 49w\" sizes=\"(max-width: 508px) 100vw, 508px\" \/><\/figure>\n\n\n\n<figure class=\"wp-block-image size-large\"><img loading=\"lazy\" width=\"563\" height=\"702\" data-id=\"275\"  src=\"http:\/\/www.autisti.sk\/lienka\/wp-content\/uploads\/2021\/09\/nws3.jpg\" alt=\"\" class=\"wp-image-275\" srcset=\"http:\/\/www.autisti.sk\/lienka\/wp-content\/uploads\/2021\/09\/nws3.jpg 563w, http:\/\/www.autisti.sk\/lienka\/wp-content\/uploads\/2021\/09\/nws3-241x300.jpg 241w, http:\/\/www.autisti.sk\/lienka\/wp-content\/uploads\/2021\/09\/nws3-48x60.jpg 48w\" sizes=\"(max-width: 563px) 100vw, 563px\" \/><\/figure>\n\n\n\n<figure class=\"wp-block-image size-large\"><img loading=\"lazy\" width=\"476\" height=\"527\" data-id=\"274\"  src=\"http:\/\/www.autisti.sk\/lienka\/wp-content\/uploads\/2021\/09\/nws2.jpg\" alt=\"\" class=\"wp-image-274\" srcset=\"http:\/\/www.autisti.sk\/lienka\/wp-content\/uploads\/2021\/09\/nws2.jpg 476w, http:\/\/www.autisti.sk\/lienka\/wp-content\/uploads\/2021\/09\/nws2-271x300.jpg 271w, http:\/\/www.autisti.sk\/lienka\/wp-content\/uploads\/2021\/09\/nws2-54x60.jpg 54w\" sizes=\"(max-width: 476px) 100vw, 476px\" \/><\/figure>\n\n\n\n<figure class=\"wp-block-image size-large\"><img loading=\"lazy\" width=\"792\" height=\"666\" data-id=\"273\"  src=\"http:\/\/www.autisti.sk\/lienka\/wp-content\/uploads\/2021\/09\/nws1-1.jpg\" alt=\"\" class=\"wp-image-273\" srcset=\"http:\/\/www.autisti.sk\/lienka\/wp-content\/uploads\/2021\/09\/nws1-1.jpg 792w, http:\/\/www.autisti.sk\/lienka\/wp-content\/uploads\/2021\/09\/nws1-1-300x252.jpg 300w, http:\/\/www.autisti.sk\/lienka\/wp-content\/uploads\/2021\/09\/nws1-1-768x646.jpg 768w, http:\/\/www.autisti.sk\/lienka\/wp-content\/uploads\/2021\/09\/nws1-1-71x60.jpg 71w\" sizes=\"(max-width: 792px) 100vw, 792px\" \/><\/figure>\n<\/figure>\n","protected":false},"excerpt":{"rendered":"<p>Nad\u00e1cia Volkswagen Slovakia Nad\u00e1cia VOLKSWAGEN SLOVAKIA pom\u00e1ha na\u0161im klientom a zamestnancom prekon\u00e1va\u0165 \u0165a\u017ek\u00e9 obdobie pand\u00e9mie, zapr\u00ed\u010dinen\u00e9 prenosn\u00fdm ochoren\u00edm COVID \u2013 19. Osta\u0165 doma v bezpe\u010d\u00ed nie je pre rodinu s autistom \u201ebezpe\u010dn\u00e9\u201c. Preto aj v\u010faka pomoci nad\u00e1cie sa n\u00e1m dar\u00ed integrova\u0165 klientov zariadenia do komunity: \u2013 klienti m\u00f4\u017eu rozv\u00edja\u0165 svoje komunika\u010dn\u00e9 zru\u010dnosti pomocou v\u00fdpo\u010dtovej techniky, ale aj pomocou terapeutick\u00fdch hudobn\u00fdch n\u00e1strojov, \u2013 vzdel\u00e1vanie v expres\u00edvnych terapi\u00e1ch, ktor\u00e9 v\u010faka nad\u00e1cii m\u00f4\u017eu absolvova\u0165 na\u0161i zamestnanci, im pom\u00e1haj\u00fa rozv\u00edja\u0165 komunik\u00e1ciu s klientmi, ktor\u00ed potrebuj\u00fa vysok\u00fa mieru podpory, \u2013 canisterapia pom\u00e1ha klientom uvo\u013eni\u0165 sa a pozit\u00edvne naladi\u0165, vzbudzuje u nich empatiu a d\u00f4veru, \u2013 &hellip; <\/p>\n","protected":false},"author":2,"featured_media":0,"parent":0,"menu_order":0,"comment_status":"closed","ping_status":"closed","template":"","meta":{"ngg_post_thumbnail":0},"_links":{"self":[{"href":"http:\/\/www.autisti.sk\/lienka\/wp-json\/wp\/v2\/pages\/316"}],"collection":[{"href":"http:\/\/www.autisti.sk\/lienka\/wp-json\/wp\/v2\/pages"}],"about":[{"href":"http:\/\/www.autisti.sk\/lienka\/wp-json\/wp\/v2\/types\/page"}],"author":[{"embeddable":true,"href":"http:\/\/www.autisti.sk\/lienka\/wp-json\/wp\/v2\/users\/2"}],"replies":[{"embeddable":true,"href":"http:\/\/www.autisti.sk\/lienka\/wp-json\/wp\/v2\/comments?post=316"}],"version-history":[{"count":6,"href":"http:\/\/www.autisti.sk\/lienka\/wp-json\/wp\/v2\/pages\/316\/revisions"}],"predecessor-version":[{"id":910,"href":"http:\/\/www.autisti.sk\/lienka\/wp-json\/wp\/v2\/pages\/316\/revisions\/910"}],"wp:attachment":[{"href":"http:\/\/www.autisti.sk\/lienka\/wp-json\/wp\/v2\/media?parent=316"}],"curies":[{"name":"wp","href":"https:\/\/api.w.org\/{rel}","templated":true}]}}