{"id":312,"date":"2021-10-08T10:51:50","date_gmt":"2021-10-08T08:51:50","guid":{"rendered":"http:\/\/www.autisti.sk\/lienka\/?page_id=312"},"modified":"2021-10-08T10:51:51","modified_gmt":"2021-10-08T08:51:51","slug":"prijate-dary-v-roku-2019","status":"publish","type":"page","link":"http:\/\/www.autisti.sk\/lienka\/prijate-dary-v-roku-2019\/","title":{"rendered":"Prijat\u00e9 dary v roku 2019"},"content":{"rendered":"\n<p><em>Ob\u010dianske zdru\u017eenie prijalo v roku 2019 z 2 % zaplatenej dane za rok 2018 \u010diastku 12 083,91 \u20ac \u2013 tieto prostriedky boli \u010derpan\u00e9 v roku 2020, podrobn\u00e9 \u010derpanie je uveden\u00e9 vo v\u00fdro\u010dnej spr\u00e1ve ob\u010dianskeho zdru\u017eenia za rok 2020<\/em><\/p>\n\n\n\n<div class=\"wp-block-file\"><a href=\"http:\/\/www.autisti.sk\/lienka\/wp-content\/uploads\/2021\/09\/prijate-dary-v-r.-2019-NOVY.pdf\">Prijat\u00e9 dary v roku 2019<\/a><a href=\"http:\/\/www.autisti.sk\/lienka\/wp-content\/uploads\/2021\/09\/prijate-dary-v-r.-2019-NOVY.pdf\" class=\"wp-block-file__button\" download>Stiahnu\u0165<\/a><\/div>\n","protected":false},"excerpt":{"rendered":"<p>Ob\u010dianske zdru\u017eenie prijalo v roku 2019 z 2 % zaplatenej dane za rok 2018 \u010diastku 12 083,91 \u20ac \u2013 tieto prostriedky boli \u010derpan\u00e9 v roku 2020, podrobn\u00e9 \u010derpanie je uveden\u00e9 vo v\u00fdro\u010dnej spr\u00e1ve ob\u010dianskeho zdru\u017eenia za rok 2020<\/p>\n","protected":false},"author":2,"featured_media":0,"parent":0,"menu_order":0,"comment_status":"closed","ping_status":"closed","template":"","meta":{"ngg_post_thumbnail":0},"_links":{"self":[{"href":"http:\/\/www.autisti.sk\/lienka\/wp-json\/wp\/v2\/pages\/312"}],"collection":[{"href":"http:\/\/www.autisti.sk\/lienka\/wp-json\/wp\/v2\/pages"}],"about":[{"href":"http:\/\/www.autisti.sk\/lienka\/wp-json\/wp\/v2\/types\/page"}],"author":[{"embeddable":true,"href":"http:\/\/www.autisti.sk\/lienka\/wp-json\/wp\/v2\/users\/2"}],"replies":[{"embeddable":true,"href":"http:\/\/www.autisti.sk\/lienka\/wp-json\/wp\/v2\/comments?post=312"}],"version-history":[{"count":1,"href":"http:\/\/www.autisti.sk\/lienka\/wp-json\/wp\/v2\/pages\/312\/revisions"}],"predecessor-version":[{"id":313,"href":"http:\/\/www.autisti.sk\/lienka\/wp-json\/wp\/v2\/pages\/312\/revisions\/313"}],"wp:attachment":[{"href":"http:\/\/www.autisti.sk\/lienka\/wp-json\/wp\/v2\/media?parent=312"}],"curies":[{"name":"wp","href":"https:\/\/api.w.org\/{rel}","templated":true}]}}