{"id":2,"date":"2019-07-29T13:31:19","date_gmt":"2019-07-29T11:31:19","guid":{"rendered":"http:\/\/www.autisti.sk\/lienka\/?page_id=2"},"modified":"2023-07-19T14:14:26","modified_gmt":"2023-07-19T12:14:26","slug":"ukazka-strany","status":"publish","type":"page","link":"http:\/\/www.autisti.sk\/lienka\/ukazka-strany\/","title":{"rendered":"Strategick\u00e9 dokumenty"},"content":{"rendered":"\n<p>V ZSS LIENKA pri Klube rodi\u010dov autistick\u00fdch det\u00ed v Nitre m\u00e1me vypracovan\u00e9 strategick\u00e9 dokumenty, ktor\u00fdmi sa riadime pri poskytovan\u00ed soci\u00e1lnych slu\u017eieb svojim klientom. Ide hlavne o tieto dokumenty:<\/p>\n\n\n\n<div style=\"height:26px\" aria-hidden=\"true\" class=\"wp-block-spacer\"><\/div>\n\n\n\n<ul><li><strong><em>Vn\u00fatorn\u00fd \u0161tat\u00fat Klubu rodi\u010dov autistick\u00fdch det\u00ed v Nitre,<\/em><\/strong><\/li><li><strong><em>Zria\u010fovacia listina Klubu rodi\u010dov autistick\u00fdch det\u00ed v Nitre,<\/em><\/strong><\/li><li><strong><em>Aktu\u00e1lny v\u00fdpis z Registra poskytovate\u013eov soci\u00e1lnych slu\u017eieb vedenom na \u00darade Nitrianskeho samospr\u00e1vneho kraja, R\u00e1zusova 2A, 949 01 Nitra,<\/em><\/strong><\/li><li><strong><em>\u00da\u010del, poslanie, strategick\u00e1 v\u00edzia a ciele ZSS LIENKA pri Klube rodi\u010dov autistick\u00fdch det\u00ed v Nitre,<\/em><\/strong><\/li><li><strong><em>\u0160tandardy kvality soci\u00e1lnych slu\u017eieb,<\/em><\/strong><\/li><li><strong><em>Informa\u010dn\u00e1 strat\u00e9gia ZSS LIENKA pri Klube rodi\u010dov autistick\u00fdch det\u00ed v Nitre,<\/em><\/strong><\/li><li><strong><em>Smernica o ochrane a dodr\u017eiavan\u00ed z\u00e1kladn\u00fdch \u013eudsk\u00fdch pr\u00e1v a slob\u00f4d prij\u00edmate\u013eov soci\u00e1lnej slu\u017eby,<\/em><\/strong><\/li><li><strong><em>Etick\u00fd k\u00f3dex zamestnanca ZSS LIENKA pri Klube rodi\u010dov autistick\u00fdch det\u00ed v Nitre.<\/em><\/strong><\/li><\/ul>\n\n\n\n<div style=\"height:56px\" aria-hidden=\"true\" class=\"wp-block-spacer\"><\/div>\n\n\n\n<p class=\"has-text-align-center has-light-green-cyan-background-color has-background\"><strong>Strategick\u00e9 dokumenty s\u00fa v kancel\u00e1rii zariadenia pr\u00edstupn\u00e9 v\u0161etk\u00fdm klientom, ich rodinn\u00fdm pr\u00edslu\u0161n\u00edkom, zamestnancom zariadenia a \u010fal\u0161\u00edm osob\u00e1m, ktor\u00e9 maj\u00fa z\u00e1ujem sa s nimi obozn\u00e1mi\u0165.<\/strong><\/p>\n","protected":false},"excerpt":{"rendered":"<p>V ZSS LIENKA pri Klube rodi\u010dov autistick\u00fdch det\u00ed v Nitre m\u00e1me vypracovan\u00e9 strategick\u00e9 dokumenty, ktor\u00fdmi sa riadime pri poskytovan\u00ed soci\u00e1lnych slu\u017eieb svojim klientom. Ide hlavne o tieto dokumenty: Vn\u00fatorn\u00fd \u0161tat\u00fat Klubu rodi\u010dov autistick\u00fdch det\u00ed v Nitre, Zria\u010fovacia listina Klubu rodi\u010dov autistick\u00fdch det\u00ed v Nitre, Aktu\u00e1lny v\u00fdpis z Registra poskytovate\u013eov soci\u00e1lnych slu\u017eieb vedenom na \u00darade Nitrianskeho samospr\u00e1vneho kraja, R\u00e1zusova 2A, 949 01 Nitra, \u00da\u010del, poslanie, strategick\u00e1 v\u00edzia a ciele ZSS LIENKA pri Klube rodi\u010dov autistick\u00fdch det\u00ed v Nitre, \u0160tandardy kvality soci\u00e1lnych slu\u017eieb, Informa\u010dn\u00e1 strat\u00e9gia ZSS LIENKA pri Klube rodi\u010dov autistick\u00fdch det\u00ed v Nitre, Smernica o ochrane a dodr\u017eiavan\u00ed z\u00e1kladn\u00fdch \u013eudsk\u00fdch pr\u00e1v &hellip; <\/p>\n","protected":false},"author":1,"featured_media":0,"parent":0,"menu_order":0,"comment_status":"closed","ping_status":"open","template":"","meta":{"ngg_post_thumbnail":0},"_links":{"self":[{"href":"http:\/\/www.autisti.sk\/lienka\/wp-json\/wp\/v2\/pages\/2"}],"collection":[{"href":"http:\/\/www.autisti.sk\/lienka\/wp-json\/wp\/v2\/pages"}],"about":[{"href":"http:\/\/www.autisti.sk\/lienka\/wp-json\/wp\/v2\/types\/page"}],"author":[{"embeddable":true,"href":"http:\/\/www.autisti.sk\/lienka\/wp-json\/wp\/v2\/users\/1"}],"replies":[{"embeddable":true,"href":"http:\/\/www.autisti.sk\/lienka\/wp-json\/wp\/v2\/comments?post=2"}],"version-history":[{"count":6,"href":"http:\/\/www.autisti.sk\/lienka\/wp-json\/wp\/v2\/pages\/2\/revisions"}],"predecessor-version":[{"id":896,"href":"http:\/\/www.autisti.sk\/lienka\/wp-json\/wp\/v2\/pages\/2\/revisions\/896"}],"wp:attachment":[{"href":"http:\/\/www.autisti.sk\/lienka\/wp-json\/wp\/v2\/media?parent=2"}],"curies":[{"name":"wp","href":"https:\/\/api.w.org\/{rel}","templated":true}]}}