{"id":183,"date":"2021-06-04T19:46:43","date_gmt":"2021-06-04T17:46:43","guid":{"rendered":"http:\/\/www.autisti.sk\/lienka\/?page_id=183"},"modified":"2025-09-09T13:11:37","modified_gmt":"2025-09-09T11:11:37","slug":"kontakt","status":"publish","type":"page","link":"http:\/\/www.autisti.sk\/lienka\/kontakt\/","title":{"rendered":"Kontakt"},"content":{"rendered":"\n<p class=\"has-text-align-center\"><strong>E-mail:<\/strong><\/p>\n\n\n\n<center><a href=\"mailto:kradnrlienka@gmail.com\">kradnrlienka@gmail.com<\/a><\/center>\n\n\n\n<div style=\"height:100px\" aria-hidden=\"true\" class=\"wp-block-spacer\"><\/div>\n\n\n\n<p class=\"has-text-align-center\"><strong>Telef\u00f3n:<\/strong><\/p>\n\n\n\n<center><a href=\"0948 769 162\">0948 769 162<\/a><\/center>\n\n\n\n<div style=\"height:100px\" aria-hidden=\"true\" class=\"wp-block-spacer\"><\/div>\n\n\n\n<p class=\"has-text-align-center\"><strong>Adresa<\/strong>:<\/p>\n\n\n\n<p class=\"has-text-align-center\">Dvor\u010dansk\u00e1 63, 949 05 Nitra &#8211; Doln\u00e9 Kr\u0161kany. <\/p>\n\n\n\n<p class=\"has-text-align-center\">Okrem vlastnej dopravy sa ku n\u00e1m dostanete aj mestskou dopravou Mesta Nitra, linky \u010d. 14, 22 a 23.<\/p>\n\n\n\n<center><iframe src=\"https:\/\/www.google.com\/maps\/embed?pb=!1m18!1m12!1m3!1d2656.0627016720864!2d18.089728715653376!3d48.263167879233606!2m3!1f0!2f0!3f0!3m2!1i1024!2i768!4f13.1!3m3!1m2!1s0x476b3e10cc2bc249%3A0xfacddbf10456d8c2!2sDvor%C4%8Dianska%20653%2F63%2C%20949%2005%20Nitra-Doln%C3%A9%20Kr%C5%A1kany!5e0!3m2!1shu!2ssk!4v1622829067613!5m2!1shu!2ssk\" width=\"600\" height=\"450\" style=\"border:0;\" allowfullscreen=\"\" loading=\"lazy\"><\/iframe><\/center>\n\n\n\n<p><\/p>\n","protected":false},"excerpt":{"rendered":"<p>E-mail: kradnrlienka@gmail.com Telef\u00f3n: 0948 769 162 Adresa: Dvor\u010dansk\u00e1 63, 949 05 Nitra &#8211; Doln\u00e9 Kr\u0161kany. Okrem vlastnej dopravy sa ku n\u00e1m dostanete aj mestskou dopravou Mesta Nitra, linky \u010d. 14, 22 a 23.<\/p>\n","protected":false},"author":2,"featured_media":0,"parent":0,"menu_order":0,"comment_status":"closed","ping_status":"closed","template":"","meta":{"ngg_post_thumbnail":0},"_links":{"self":[{"href":"http:\/\/www.autisti.sk\/lienka\/wp-json\/wp\/v2\/pages\/183"}],"collection":[{"href":"http:\/\/www.autisti.sk\/lienka\/wp-json\/wp\/v2\/pages"}],"about":[{"href":"http:\/\/www.autisti.sk\/lienka\/wp-json\/wp\/v2\/types\/page"}],"author":[{"embeddable":true,"href":"http:\/\/www.autisti.sk\/lienka\/wp-json\/wp\/v2\/users\/2"}],"replies":[{"embeddable":true,"href":"http:\/\/www.autisti.sk\/lienka\/wp-json\/wp\/v2\/comments?post=183"}],"version-history":[{"count":8,"href":"http:\/\/www.autisti.sk\/lienka\/wp-json\/wp\/v2\/pages\/183\/revisions"}],"predecessor-version":[{"id":209,"href":"http:\/\/www.autisti.sk\/lienka\/wp-json\/wp\/v2\/pages\/183\/revisions\/209"}],"wp:attachment":[{"href":"http:\/\/www.autisti.sk\/lienka\/wp-json\/wp\/v2\/media?parent=183"}],"curies":[{"name":"wp","href":"https:\/\/api.w.org\/{rel}","templated":true}]}}