{"id":181,"date":"2021-06-04T19:41:56","date_gmt":"2021-06-04T17:41:56","guid":{"rendered":"http:\/\/www.autisti.sk\/lienka\/?page_id=181"},"modified":"2021-06-04T19:41:57","modified_gmt":"2021-06-04T17:41:57","slug":"otvaracie-hodiny","status":"publish","type":"page","link":"http:\/\/www.autisti.sk\/lienka\/otvaracie-hodiny\/","title":{"rendered":"Otv\u00e1racie hodiny"},"content":{"rendered":"\n<p>Pre na\u0161ich klientov sme otvoren\u00ed v pracovn\u00fdch d\u0148och\u00a0<strong>PONDELOK a\u017e PIATOK<\/strong>\u00a0(mimo dn\u00ed, ktor\u00e9 s\u00fa \u0161t\u00e1tom uznan\u00e9 sviatky) v \u010dase od\u00a0<strong>8:00 hod do 16:00 hod<\/strong>. Po dohode s klientom alebo s jeho rodinn\u00fdmi pr\u00edslu\u0161n\u00edkmi m\u00f4\u017eeme klientom poskytova\u0165 soci\u00e1lnu slu\u017ebu aj v inom \u010dase pod\u013ea jeho potrieb.<\/p>\n","protected":false},"excerpt":{"rendered":"<p>Pre na\u0161ich klientov sme otvoren\u00ed v pracovn\u00fdch d\u0148och\u00a0PONDELOK a\u017e PIATOK\u00a0(mimo dn\u00ed, ktor\u00e9 s\u00fa \u0161t\u00e1tom uznan\u00e9 sviatky) v \u010dase od\u00a08:00 hod do 16:00 hod. Po dohode s klientom alebo s jeho rodinn\u00fdmi pr\u00edslu\u0161n\u00edkmi m\u00f4\u017eeme klientom poskytova\u0165 soci\u00e1lnu slu\u017ebu aj v inom \u010dase pod\u013ea jeho potrieb.<\/p>\n","protected":false},"author":2,"featured_media":0,"parent":0,"menu_order":0,"comment_status":"closed","ping_status":"closed","template":"","meta":{"ngg_post_thumbnail":0},"_links":{"self":[{"href":"http:\/\/www.autisti.sk\/lienka\/wp-json\/wp\/v2\/pages\/181"}],"collection":[{"href":"http:\/\/www.autisti.sk\/lienka\/wp-json\/wp\/v2\/pages"}],"about":[{"href":"http:\/\/www.autisti.sk\/lienka\/wp-json\/wp\/v2\/types\/page"}],"author":[{"embeddable":true,"href":"http:\/\/www.autisti.sk\/lienka\/wp-json\/wp\/v2\/users\/2"}],"replies":[{"embeddable":true,"href":"http:\/\/www.autisti.sk\/lienka\/wp-json\/wp\/v2\/comments?post=181"}],"version-history":[{"count":1,"href":"http:\/\/www.autisti.sk\/lienka\/wp-json\/wp\/v2\/pages\/181\/revisions"}],"predecessor-version":[{"id":182,"href":"http:\/\/www.autisti.sk\/lienka\/wp-json\/wp\/v2\/pages\/181\/revisions\/182"}],"wp:attachment":[{"href":"http:\/\/www.autisti.sk\/lienka\/wp-json\/wp\/v2\/media?parent=181"}],"curies":[{"name":"wp","href":"https:\/\/api.w.org\/{rel}","templated":true}]}}