{"id":179,"date":"2021-06-04T19:40:33","date_gmt":"2021-06-04T17:40:33","guid":{"rendered":"http:\/\/www.autisti.sk\/lienka\/?page_id=179"},"modified":"2021-06-05T09:06:17","modified_gmt":"2021-06-05T07:06:17","slug":"nase-sluzby","status":"publish","type":"page","link":"http:\/\/www.autisti.sk\/lienka\/nase-sluzby\/","title":{"rendered":"Na\u0161e slu\u017eby"},"content":{"rendered":"\n<p><strong>V zariaden\u00ed poskytujeme:<\/strong><\/p>\n\n\n\n<ul><li>pomoc pri odk\u00e1zanosti na pomoc inej fyzickej osoby,<\/li><li>soci\u00e1lne poradenstvo,<\/li><li>soci\u00e1lna rehabilit\u00e1cia,<\/li><li>pomoc pri uplat\u0148ovan\u00ed pr\u00e1v a pr\u00e1vom chr\u00e1nen\u00fdch z\u00e1ujmov,<\/li><li>pomoc pri prev\u00e1dzke dom\u00e1cnosti a \u010fal\u0161\u00edch \u010dinnost\u00ed,<\/li><li>stravovanie.<\/li><\/ul>\n\n\n\n<div style=\"height:100px\" aria-hidden=\"true\" class=\"wp-block-spacer\"><\/div>\n\n\n\n<p><strong>V zariaden\u00ed zabezpe\u010dujeme:<\/strong><\/p>\n\n\n\n<ul><li>rozvoj pracovn\u00fdch zru\u010dnost\u00ed,<\/li><li>z\u00e1ujmov\u00e1 \u010dinnos\u0165,<\/li><li>prevent\u00edvna aktivita.<\/li><\/ul>\n\n\n\n<div style=\"height:100px\" aria-hidden=\"true\" class=\"wp-block-spacer\"><\/div>\n\n\n\n<p><strong>Odborn\u00e9 \u010dinnosti poskytovan\u00e9 klientom zariadenia s\u00fa v s\u00falade so z\u00e1konom o soci\u00e1lnych slu\u017eb\u00e1ch plne hraden\u00e9 z verejn\u00fdch financi\u00ed&nbsp;<\/strong>(vi\u010f. n\u00e1\u0161 <a href=\"http:\/\/www.autisti.sk\/lienka\/cennik-socialnej-sluzby\/\" data-type=\"page\" data-id=\"86\">cenn\u00edk<\/a>)<strong>.<\/strong><\/p>\n","protected":false},"excerpt":{"rendered":"<p>V zariaden\u00ed poskytujeme: pomoc pri odk\u00e1zanosti na pomoc inej fyzickej osoby, soci\u00e1lne poradenstvo, soci\u00e1lna rehabilit\u00e1cia, pomoc pri uplat\u0148ovan\u00ed pr\u00e1v a pr\u00e1vom chr\u00e1nen\u00fdch z\u00e1ujmov, pomoc pri prev\u00e1dzke dom\u00e1cnosti a \u010fal\u0161\u00edch \u010dinnost\u00ed, stravovanie. V zariaden\u00ed zabezpe\u010dujeme: rozvoj pracovn\u00fdch zru\u010dnost\u00ed, z\u00e1ujmov\u00e1 \u010dinnos\u0165, prevent\u00edvna aktivita. Odborn\u00e9 \u010dinnosti poskytovan\u00e9 klientom zariadenia s\u00fa v s\u00falade so z\u00e1konom o soci\u00e1lnych slu\u017eb\u00e1ch plne hraden\u00e9 z verejn\u00fdch financi\u00ed&nbsp;(vi\u010f. n\u00e1\u0161 cenn\u00edk).<\/p>\n","protected":false},"author":2,"featured_media":0,"parent":0,"menu_order":0,"comment_status":"closed","ping_status":"closed","template":"","meta":{"ngg_post_thumbnail":0},"_links":{"self":[{"href":"http:\/\/www.autisti.sk\/lienka\/wp-json\/wp\/v2\/pages\/179"}],"collection":[{"href":"http:\/\/www.autisti.sk\/lienka\/wp-json\/wp\/v2\/pages"}],"about":[{"href":"http:\/\/www.autisti.sk\/lienka\/wp-json\/wp\/v2\/types\/page"}],"author":[{"embeddable":true,"href":"http:\/\/www.autisti.sk\/lienka\/wp-json\/wp\/v2\/users\/2"}],"replies":[{"embeddable":true,"href":"http:\/\/www.autisti.sk\/lienka\/wp-json\/wp\/v2\/comments?post=179"}],"version-history":[{"count":2,"href":"http:\/\/www.autisti.sk\/lienka\/wp-json\/wp\/v2\/pages\/179\/revisions"}],"predecessor-version":[{"id":206,"href":"http:\/\/www.autisti.sk\/lienka\/wp-json\/wp\/v2\/pages\/179\/revisions\/206"}],"wp:attachment":[{"href":"http:\/\/www.autisti.sk\/lienka\/wp-json\/wp\/v2\/media?parent=179"}],"curies":[{"name":"wp","href":"https:\/\/api.w.org\/{rel}","templated":true}]}}