{"id":1170,"date":"2026-01-27T10:52:16","date_gmt":"2026-01-27T09:52:16","guid":{"rendered":"http:\/\/www.autisti.sk\/lienka\/?page_id=1170"},"modified":"2026-01-27T11:16:25","modified_gmt":"2026-01-27T10:16:25","slug":"faktury-a-objednavky","status":"publish","type":"page","link":"http:\/\/www.autisti.sk\/lienka\/faktury-a-objednavky\/","title":{"rendered":"Fakt\u00fary a objedn\u00e1vky"},"content":{"rendered":"\n<div class=\"wp-container-1 wp-block-buttons\"><\/div>\n\n\n\n<p>Na tomto mieste sa \u010doskoro zobrazia fakt\u00fary a objedn\u00e1vky<\/p>\n","protected":false},"excerpt":{"rendered":"<p>Na tomto mieste sa \u010doskoro zobrazia fakt\u00fary a objedn\u00e1vky<\/p>\n","protected":false},"author":3,"featured_media":0,"parent":0,"menu_order":0,"comment_status":"closed","ping_status":"closed","template":"","meta":{"ngg_post_thumbnail":0},"_links":{"self":[{"href":"http:\/\/www.autisti.sk\/lienka\/wp-json\/wp\/v2\/pages\/1170"}],"collection":[{"href":"http:\/\/www.autisti.sk\/lienka\/wp-json\/wp\/v2\/pages"}],"about":[{"href":"http:\/\/www.autisti.sk\/lienka\/wp-json\/wp\/v2\/types\/page"}],"author":[{"embeddable":true,"href":"http:\/\/www.autisti.sk\/lienka\/wp-json\/wp\/v2\/users\/3"}],"replies":[{"embeddable":true,"href":"http:\/\/www.autisti.sk\/lienka\/wp-json\/wp\/v2\/comments?post=1170"}],"version-history":[{"count":3,"href":"http:\/\/www.autisti.sk\/lienka\/wp-json\/wp\/v2\/pages\/1170\/revisions"}],"predecessor-version":[{"id":1176,"href":"http:\/\/www.autisti.sk\/lienka\/wp-json\/wp\/v2\/pages\/1170\/revisions\/1176"}],"wp:attachment":[{"href":"http:\/\/www.autisti.sk\/lienka\/wp-json\/wp\/v2\/media?parent=1170"}],"curies":[{"name":"wp","href":"https:\/\/api.w.org\/{rel}","templated":true}]}}